{"id":1415,"date":"2019-09-04T07:58:01","date_gmt":"2019-09-04T07:58:01","guid":{"rendered":"https:\/\/elegantweb.eu\/lootusekyla\/?page_id=1415"},"modified":"2019-09-04T07:59:48","modified_gmt":"2019-09-04T07:59:48","slug":"video","status":"publish","type":"page","link":"https:\/\/lootusekula.ee\/en\/meist\/video\/","title":{"rendered":"Video"},"content":{"rendered":"\n<p>In 2008 the Estonian Christian Television made a six-minute video about the Village of Hope, which you can watch\u00a0here. <\/p>\n\n\n\n<p>Meanwhile we have grown and developed, so some of the current information has changed, but our principles and life routine have remained the same. Enjoy watching! <\/p>\n\n\n\n<p>  See also :<\/p>\n\n\n\n<ul class=\"wp-block-list\"><li>ERR, Ringvaade 19.09.2017 &#8211;&nbsp;<a href=\"https:\/\/www.youtube.com\/watch?v=tphS97ESdSA&amp;feature=youtu.be\" target=\"_blank\" rel=\"noreferrer noopener\">Paveli lugu<\/a><\/li><li>ERR, Ringvaade 08.02.2017 &#8211;&nbsp;<a href=\"http:\/\/menu.err.ee\/v\/uudised\/inimesed\/4706e6f3-22c5-4325-a8e6-0d5e4165ac9c\/ringvaatele-oma-loo-raakinud-endine-narkosoltlane-on-nuud-onnelikus-abielus\">&#8220;Ringvaatele&#8221; oma loo r\u00e4\u00e4kinud endine narkos\u00f5ltlane on n\u00fc\u00fcd \u00f5nnelikus abielus<\/a><\/li><li>ERR, Ringvaade 19.10.2016 &#8211;&nbsp;<a href=\"http:\/\/etv.err.ee\/v\/meelelahutus\/ringvaade\/ringvaate_lood\/88307d3c-386e-4628-8127-a48f7714f9c5\/ringvaates-raakis-oma-loo-30-aastane-ragnar-kes-on-poole-oma-elust-kinni-istunud#.WAhhXNDVHOV.facebook\">&#8220;Ringvaates&#8221; r\u00e4\u00e4kis oma loo 30-aastane Ragnar, kes on poole oma elust kinni istunud<\/a><\/li><li>TV3, Evelin, 13.10.2016 &#8211;&nbsp;<a href=\"http:\/\/tv3play.tv3.ee\/embed?id=776837&amp;wmode=transparent&amp;autostart=true\" target=\"_blank\" rel=\"noreferrer noopener\">Usu j\u00f5ud<\/a><\/li><li>ERR, Ringvaade, 10.03.2016 &#8211;&nbsp;<a href=\"http:\/\/etv.err.ee\/v\/meelelahutus\/ringvaade\/ringvaate_lood\/f252e334-3ce7-4c13-998a-39d9685cb39b\/narkokuritegude-eest-kumme-korda-kinni-istunud-noormees-raagib-oma-loo\" target=\"_blank\" rel=\"noreferrer noopener\">Narkokuritegude eest k\u00fcmme korda kinni istunud noormees r\u00e4\u00e4gib oma loo&nbsp;<\/a><\/li><li>TV7, Vabanemise tee, 17.01.2016 &#8211;&nbsp;<a href=\"http:\/\/www.tv7.ee\/vod\/player\/45197\/\" target=\"_blank\" rel=\"noreferrer noopener\">Teismea katsetuse tagaj\u00e4rjed<\/a><\/li><li>TV7, Vabanemise tee, 20.12.2015 &#8211;&nbsp;<a href=\"http:\/\/www.tv7.ee\/vod\/player\/45196\/\" target=\"_blank\" rel=\"noreferrer noopener\">Narkomaaniast kuritegevuseni<\/a><\/li><li>TV3, Seitsmesed Uudised 16.12.2015 &#8211;&nbsp;<a href=\"http:\/\/www.tv3play.ee\/sisu\/seitsmesed-uudised-2015\/686765\">Lootuse K\u00fcla hakkab toetama vanglast vabanenuid<\/a><\/li><li>ERR,&nbsp;Ringvaade 01.12.2015 &#8211;&nbsp;<a href=\"http:\/\/etv.err.ee\/v\/meelelahutus\/ringvaade\/ringvaate_lood\/769b7a8f-3401-496f-8093-689a0a58e20f\/ringvaade-kais-vaatamas-kuidas-laheb-narkootikumidega-pahuksis-olnud-raimanil\" target=\"_blank\" rel=\"noreferrer noopener\">&#8220;Ringvaade&#8221; k\u00e4is vaatamas, kuidas l\u00e4heb narkootikumidega pahuksis olnud Raimanil<\/a><\/li><li>ERR, ETV, 29.11.2015 &#8211;&nbsp;<a href=\"http:\/\/etv.err.ee\/v\/kultuurisaated\/saated\/65482ee0-6d6c-4dfa-acf4-940758492a69\/esimese-advendi-jumalateenistus-lootuse-kulas\" target=\"_blank\" rel=\"noreferrer noopener\">Esimese advendi jumalateenistus Lootuse K\u00fclast<\/a><\/li><li>TV7, Vabanemise tee, 27.09.2015 &#8211;&nbsp;<a href=\"http:\/\/www.tv7.ee\/vod\/player\/?program=45194\" target=\"_blank\" rel=\"noreferrer noopener\">S\u00f5ltuvused: Ravimis\u00f5ltuvus<\/a><\/li><li>TV7, Vabanemise tee, 30.08.2015 &#8211;&nbsp;<a href=\"http:\/\/www.tv7.ee\/vod\/player\/?program=45193\" target=\"_blank\" rel=\"noreferrer noopener\">S\u00f5ltuvused: Hasartm\u00e4ng<\/a><\/li><li>TV7, Vabanemise tee, 02.08.2015 &#8211;&nbsp;<a href=\"http:\/\/www.tv7.ee\/vod\/player\/?program=45192\" target=\"_blank\" rel=\"noreferrer noopener\">S\u00f5ltuvused: Narkomaania<\/a><\/li><li>TV3, P\u00e4ev, mis muutis mu elu, 15.12.2014 &#8211;&nbsp;<a href=\"http:\/\/www.tv3play.ee\/sisu\/paev-mis-muutis-mu-elu\/507685?autostart=true\" target=\"_blank\" rel=\"noreferrer noopener\">P\u00e4ev, mis muutis mu elu<\/a><\/li><li>ERR, Puutepunkt, 16.11.2014 &#8211;&nbsp;<a href=\"http:\/\/etv.err.ee\/v\/elusaated\/puutepunkt\/videod\/067a8025-c0e2-46cc-b2b3-8767dd5ad117\" target=\"_blank\" rel=\"noreferrer noopener\">Marko Sepp: alkohoolik vajab inimeste abi, kes on selle probleemi k\u00e4es ise olnud<\/a><\/li><li>ERR, Ringvaade, 30.10.2014 &#8211;&nbsp;<a href=\"http:\/\/etv.err.ee\/v\/meelelahutus\/ringvaade\/ringvaate_lood\/c04add9d-d07e-4913-8822-3185caf825bd\" target=\"_blank\" rel=\"noreferrer noopener\">Villy V\u00f5rk loobus s\u00f5ltuvusest ning aitab n\u00fc\u00fcd teisi abi vajajaid mehi<\/a><\/li><li>ERR, Ringvaade, 11.09. 2014 &#8211;&nbsp;<a href=\"http:\/\/etv.err.ee\/v\/meelelahutus\/ringvaade\/ringvaate_lood\/8ca3dd77-ef80-4831-83c9-7ead890095e8\" target=\"_blank\" rel=\"noreferrer noopener\">Lootuse k\u00fcla juht oli aastaid narkootikumide k\u00fc\u00fcsis<\/a><\/li><li>ERR, Ringvaade, 12.04.2014 &#8211;&nbsp;<a href=\"https:\/\/www.youtube.com\/watch?v=RURVCn-O-Zg\" target=\"_blank\" rel=\"noreferrer noopener\">Eksnarkomaanist pastor Ragnari lugu<\/a><\/li><li>TV7, Viljakandjad, 17.11.2013 &#8211;&nbsp;<a href=\"http:\/\/www.tv7.ee\/vod\/player\/?program=35703\" target=\"_blank\" rel=\"noreferrer noopener\">Viljakandjad Lootuse K\u00fcla<\/a><\/li><li>ERR, Meie inimesed, 16.09.2013 &#8211;&nbsp;<a href=\"http:\/\/arhiiv.err.ee\/vaata\/meie-inimesed-jaanus\" target=\"_blank\" rel=\"noreferrer noopener\">Jaanus<\/a><\/li><li>ERR, Ringvaade, 11.09.2013 &#8211;&nbsp;<a href=\"https:\/\/www.youtube.com\/watch?v=cCzdTTNK3zw\" target=\"_blank\" rel=\"noreferrer noopener\">Narkos\u00f5ltlase lugu<\/a><\/li><li>Kanal2, Reporter, 09.09.2013 &#8211;&nbsp;<a href=\"http:\/\/www.reporter.ee\/2013\/09\/09\/narkomaanide-uus-elu-lootuse-kulas\/\" target=\"_blank\" rel=\"noreferrer noopener\">Narkomaanide uus elu Lootuse K\u00fclas<\/a><\/li><li>Delfi.TV &#8211;&nbsp;<a href=\"http:\/\/tv.delfi.ee\/video\/GbRYOH6x\/\" target=\"_blank\" rel=\"noreferrer noopener\">Lootuse K\u00fcla elanik Raiman r\u00e4\u00e4gib elust narkomaanina<\/a>(22.05.2013)<\/li><li>ERR, Ringvaade&nbsp;<a href=\"http:\/\/www.youtube.com\/watch?v=9bx3LvEuMlc&amp;feature=youtu.be\" target=\"_blank\" rel=\"noreferrer noopener\">Viktor Kersman alkoholismist<\/a>&nbsp;(13.11.2012)<\/li><li>ERR, Puutepunkt&nbsp;<a href=\"http:\/\/etv.err.ee\/index.php?05593327&amp;video=3731\" target=\"_blank\" rel=\"noreferrer noopener\">Lootuse K\u00fcla turgutab alkoholi- ja narkos\u00f5ltlased taas elule ja jalule<\/a>&nbsp;(15.04.2012)<\/li><li>Delfi.TV&nbsp;<a href=\"http:\/\/tv.delfi.ee\/video\/VyQrAkKx\/\" target=\"_blank\" rel=\"noreferrer noopener\">intervjuu M\u00e4rt V\u00e4higa<\/a>&nbsp;(15.03.2012)<\/li><li>Delfi.TV&nbsp;<a href=\"http:\/\/tv.delfi.ee\/video\/isr0TOhQ\/\" target=\"_blank\" rel=\"noreferrer noopener\">Eriku lugu<\/a>&nbsp;(15.03.2012)<\/li><li>ERR,&nbsp;<a href=\"http:\/\/www.youtube.com\/watch?v=rTiVWfSndd0&amp;feature=youtu.be\" target=\"_blank\" rel=\"noreferrer noopener\">Ringvaade Lootuse K\u00fclas<\/a>&nbsp;(26.11.2010)<\/li><\/ul>\n","protected":false},"excerpt":{"rendered":"<p>In 2008 the Estonian Christian Television made a six-minute video about the Village of Hope, which you can watch\u00a0here. Meanwhile we have grown and developed, so some of the current information has changed, but our principles and life routine have remained the same. Enjoy watching! See also : ERR, Ringvaade 19.09.2017 &#8211;&nbsp;Paveli lugu ERR, Ringvaade [&hellip;]<\/p>\n","protected":false},"author":1,"featured_media":0,"parent":972,"menu_order":0,"comment_status":"closed","ping_status":"closed","template":"","meta":{"_acf_changed":false,"inline_featured_image":false,"footnotes":""},"class_list":["post-1415","page","type-page","status-publish","hentry"],"acf":[],"_links":{"self":[{"href":"https:\/\/lootusekula.ee\/en\/wp-json\/wp\/v2\/pages\/1415","targetHints":{"allow":["GET"]}}],"collection":[{"href":"https:\/\/lootusekula.ee\/en\/wp-json\/wp\/v2\/pages"}],"about":[{"href":"https:\/\/lootusekula.ee\/en\/wp-json\/wp\/v2\/types\/page"}],"author":[{"embeddable":true,"href":"https:\/\/lootusekula.ee\/en\/wp-json\/wp\/v2\/users\/1"}],"replies":[{"embeddable":true,"href":"https:\/\/lootusekula.ee\/en\/wp-json\/wp\/v2\/comments?post=1415"}],"version-history":[{"count":0,"href":"https:\/\/lootusekula.ee\/en\/wp-json\/wp\/v2\/pages\/1415\/revisions"}],"up":[{"embeddable":true,"href":"https:\/\/lootusekula.ee\/en\/wp-json\/wp\/v2\/pages\/972"}],"wp:attachment":[{"href":"https:\/\/lootusekula.ee\/en\/wp-json\/wp\/v2\/media?parent=1415"}],"curies":[{"name":"wp","href":"https:\/\/api.w.org\/{rel}","templated":true}]}}