{"id":1418,"date":"2019-09-04T08:07:56","date_gmt":"2019-09-04T08:07:56","guid":{"rendered":"https:\/\/elegantweb.eu\/lootusekyla\/?page_id=1418"},"modified":"2026-04-09T10:27:01","modified_gmt":"2026-04-09T10:27:01","slug":"management-bylaws-reports","status":"publish","type":"page","link":"https:\/\/lootusekula.ee\/en\/meist\/management-bylaws-reports\/","title":{"rendered":"Management, Bylaws, Reports"},"content":{"rendered":"\n<p><strong>Management of NGO The Village of Hope<\/strong>: M\u00e4rt V\u00e4hi (Chairman), Scott Andrew V\u00e4hi, Lauri M\u00e4llo. <\/p>\n\n\n\n<div class=\"wp-block-file\"><a href=\"https:\/\/elegantweb.eu\/lootusekyla\/wp-content\/uploads\/2019\/08\/MT\u00dc-Lootuse-K\u00fcla-p\u00f5hikiri.pdf\">See our\u00a0<strong>bylaws<\/strong><a rel=\"noreferrer noopener\" href=\"http:\/\/www.lootusekula.ee\/public\/files\/MT%C3%9C%20Lootuse%20K%C3%BCla%20p%C3%B5hikiri.pdf\" target=\"_blank\"> here<\/a>. <\/a><a href=\"https:\/\/elegantweb.eu\/lootusekyla\/wp-content\/uploads\/2019\/08\/MT\u00dc-Lootuse-K\u00fcla-p\u00f5hikiri.pdf\" class=\"wp-block-file__button\" download>Laadi alla<\/a><\/div>\n\n\n\n<h2 class=\"wp-block-heading\"><strong>Annual Reports<\/strong>: 2010, 2011, 2012, 2013, 2014, 2015, 2016, 2017<\/h2>\n\n\n\n<div class=\"wp-block-file\"><a href=\"https:\/\/elegantweb.eu\/lootusekyla\/wp-content\/uploads\/2019\/08\/MT\u00dc-Lootuse-K\u00fcla-majandusaasta-aruanne-2010.pdf\">MT\u00dc-Lootuse-K\u00fcla-majandusaasta-aruanne-2010<\/a><a href=\"https:\/\/elegantweb.eu\/lootusekyla\/wp-content\/uploads\/2019\/08\/MT\u00dc-Lootuse-K\u00fcla-majandusaasta-aruanne-2010.pdf\" class=\"wp-block-file__button wp-element-button\" download>Download<\/a><\/div>\n\n\n\n<div class=\"wp-block-file\"><a href=\"https:\/\/elegantweb.eu\/lootusekyla\/wp-content\/uploads\/2019\/08\/Lootuse-K\u00fcla-majandusaasta-aruanne-2011.pdf\"> MT\u00dc-Lootuse-K\u00fcla-majandusaasta-aruanne-2011<\/a><a href=\"https:\/\/elegantweb.eu\/lootusekyla\/wp-content\/uploads\/2019\/08\/Lootuse-K\u00fcla-majandusaasta-aruanne-2011.pdf\" class=\"wp-block-file__button wp-element-button\" download>Download<\/a><\/div>\n\n\n\n<div class=\"wp-block-file\"><a href=\"https:\/\/elegantweb.eu\/lootusekyla\/wp-content\/uploads\/2019\/08\/Lootuse-K\u00fcla-2012.pdf\"> MT\u00dc-Lootuse-K\u00fcla-majandusaasta-aruanne-2012<\/a><a href=\"https:\/\/elegantweb.eu\/lootusekyla\/wp-content\/uploads\/2019\/08\/Lootuse-K\u00fcla-2012.pdf\" class=\"wp-block-file__button wp-element-button\" download>Download<\/a><\/div>\n\n\n\n<div class=\"wp-block-file\"><a href=\"https:\/\/elegantweb.eu\/lootusekyla\/wp-content\/uploads\/2019\/08\/80135949_2014__Aruanne_80135949.pdf\"> MT\u00dc-Lootuse-K\u00fcla-majandusaasta-aruanne-2014 <\/a><a href=\"https:\/\/elegantweb.eu\/lootusekyla\/wp-content\/uploads\/2019\/08\/80135949_2014__Aruanne_80135949.pdf\" class=\"wp-block-file__button wp-element-button\" download> Download <\/a><\/div>\n\n\n\n<div class=\"wp-block-file\"><a href=\"https:\/\/elegantweb.eu\/lootusekyla\/wp-content\/uploads\/2019\/08\/Aruanne_80135949.pdf\"> MT\u00dc-Lootuse-K\u00fcla-majandusaasta-aruanne-2015<\/a><a href=\"https:\/\/elegantweb.eu\/lootusekyla\/wp-content\/uploads\/2019\/08\/Aruanne_80135949.pdf\" class=\"wp-block-file__button wp-element-button\" download> Download <\/a><\/div>\n\n\n\n<div class=\"wp-block-file\"><a href=\"https:\/\/elegantweb.eu\/lootusekyla\/wp-content\/uploads\/2019\/08\/aruanne_80238129_1559590-LKK-16.pdf\"> MT\u00dc-Lootuse-K\u00fcla-majandusaasta-aruanne-2016<\/a><a href=\"https:\/\/elegantweb.eu\/lootusekyla\/wp-content\/uploads\/2019\/08\/aruanne_80238129_1559590-LKK-16.pdf\" class=\"wp-block-file__button wp-element-button\" download> Download <\/a><\/div>\n\n\n\n<div class=\"wp-block-file\"><a href=\"https:\/\/elegantweb.eu\/lootusekyla\/wp-content\/uploads\/2019\/08\/aruanne_80135949_1753232-LK-17.pdf\"> MT\u00dc-Lootuse-K\u00fcla-majandusaasta-aruanne-2017<\/a><a href=\"https:\/\/elegantweb.eu\/lootusekyla\/wp-content\/uploads\/2019\/08\/aruanne_80135949_1753232-LK-17.pdf\" class=\"wp-block-file__button wp-element-button\" download> Download <\/a><\/div>\n\n\n\n<div class=\"wp-block-file\"><a id=\"wp-block-file--media-b3e7505d-10d4-4399-9b1b-535b4e38f09e\" href=\"https:\/\/lootusekula.ee\/wp-content\/uploads\/2022\/06\/Mittetulundusuhing_Lootuse_Kula-aruanne_2018.pdf\">Mittetulundusuhing_Lootuse_Kula-aruanne_2018<\/a><a href=\"https:\/\/lootusekula.ee\/wp-content\/uploads\/2022\/06\/Mittetulundusuhing_Lootuse_Kula-aruanne_2018.pdf\" class=\"wp-block-file__button wp-element-button\" download aria-describedby=\"wp-block-file--media-b3e7505d-10d4-4399-9b1b-535b4e38f09e\">Download<\/a><\/div>\n\n\n\n<div class=\"wp-block-file\"><a id=\"wp-block-file--media-af44dfb6-e3ea-4c3c-b606-442b60f12cf1\" href=\"https:\/\/lootusekula.ee\/wp-content\/uploads\/2022\/06\/Mittetulundusuhing_Lootuse_Kula-aruanne_2019.pdf\">Mittetulundusuhing_Lootuse_Kula-aruanne_2019<\/a><a href=\"https:\/\/lootusekula.ee\/wp-content\/uploads\/2022\/06\/Mittetulundusuhing_Lootuse_Kula-aruanne_2019.pdf\" class=\"wp-block-file__button wp-element-button\" download aria-describedby=\"wp-block-file--media-af44dfb6-e3ea-4c3c-b606-442b60f12cf1\">Download<\/a><\/div>\n\n\n\n<div class=\"wp-block-file\"><a id=\"wp-block-file--media-1be671c6-8abc-4a28-a820-49c62fe503b4\" href=\"https:\/\/lootusekula.ee\/wp-content\/uploads\/2022\/06\/Mittetulundusuhing_Lootuse_Kula-aruanne_2020.pdf\">Mittetulundusuhing_Lootuse_Kula-aruanne_2020<\/a><a href=\"https:\/\/lootusekula.ee\/wp-content\/uploads\/2022\/06\/Mittetulundusuhing_Lootuse_Kula-aruanne_2020.pdf\" class=\"wp-block-file__button wp-element-button\" download aria-describedby=\"wp-block-file--media-1be671c6-8abc-4a28-a820-49c62fe503b4\">Download<\/a><\/div>\n\n\n\n<div class=\"wp-block-file\"><a id=\"wp-block-file--media-1be671c6-8abc-4a28-a820-49c62fe503b4\" href=\"https:\/\/lootusekula.ee\/wp-content\/uploads\/2024\/08\/Mittetulundusuhing_Lootuse_Kula-aruanne_2021.pdf\">Mittetulundusuhing_Lootuse_Kula-aruanne_2021<\/a><a href=\"https:\/\/lootusekula.ee\/wp-content\/uploads\/2024\/08\/Mittetulundusuhing_Lootuse_Kula-aruanne_2021.pdf\" class=\"wp-block-file__button wp-element-button\" download aria-describedby=\"wp-block-file--media-1be671c6-8abc-4a28-a820-49c62fe503b4\">Download<\/a><\/div>\n\n\n\n<div class=\"wp-block-file\"><a id=\"wp-block-file--media-1be671c6-8abc-4a28-a820-49c62fe503b4\" href=\"https:\/\/www.lootusekula.ee\/wp-content\/uploads\/2024\/08\/Mittetulundusuhing_Lootuse_Kula-aruanne_2022.pdf\">Mittetulundusuhing_Lootuse_Kula-aruanne_2022<\/a><a href=\"https:\/\/www.lootusekula.ee\/wp-content\/uploads\/2024\/08\/Mittetulundusuhing_Lootuse_Kula-aruanne_2022.pdf\" class=\"wp-block-file__button wp-element-button\" download aria-describedby=\"wp-block-file--media-1be671c6-8abc-4a28-a820-49c62fe503b4\">Download<\/a><\/div>\n\n\n\n<div class=\"wp-block-file\"><a id=\"wp-block-file--media-1be671c6-8abc-4a28-a820-49c62fe503b4\" href=\"https:\/\/lootusekula.ee\/wp-content\/uploads\/2024\/08\/Mittetulundusuhing_Lootuse_Kula-aruanne_2023.pdf\">Mittetulundusuhing_Lootuse_Kula-aruanne_2023<\/a><a href=\"https:\/\/lootusekula.ee\/wp-content\/uploads\/2024\/08\/Mittetulundusuhing_Lootuse_Kula-aruanne_2023.pdf\" class=\"wp-block-file__button wp-element-button\" download aria-describedby=\"wp-block-file--media-1be671c6-8abc-4a28-a820-49c62fe503b4\">Download<\/a><\/div>\n\n\n\n<div class=\"wp-block-file\"><a id=\"wp-block-file--media-306ea346-8b81-4cec-ba3c-2e397a8873cf\" href=\"https:\/\/lootusekula.ee\/wp-content\/uploads\/2025\/11\/Mittetulundusuhing_Lootuse_Kula-aruanne_2024.pdf\">Mittetulundusuhing_Lootuse_Kula-aruanne_2024<\/a><a href=\"https:\/\/lootusekula.ee\/wp-content\/uploads\/2025\/11\/Mittetulundusuhing_Lootuse_Kula-aruanne_2024.pdf\" class=\"wp-block-file__button wp-element-button\" download aria-describedby=\"wp-block-file--media-306ea346-8b81-4cec-ba3c-2e397a8873cf\">Download<\/a><\/div>\n\n\n\n<div class=\"wp-block-file\"><a id=\"wp-block-file--media-020e504b-2655-40b0-8b0d-dd0cf8374ebe\" href=\"https:\/\/lootusekula.ee\/wp-content\/uploads\/2026\/04\/2025-aasta-Aruanne_Lootuse-Kula-1.pdf\">2025 aasta Aruanne_Lootuse K\u00fcla<\/a><a href=\"https:\/\/lootusekula.ee\/wp-content\/uploads\/2026\/04\/2025-aasta-Aruanne_Lootuse-Kula-1.pdf\" class=\"wp-block-file__button wp-element-button\" download aria-describedby=\"wp-block-file--media-020e504b-2655-40b0-8b0d-dd0cf8374ebe\">Download<\/a><\/div>\n\n\n\n<p>We are Christians, we follow the biblical principles in our activities, and we value personal relationship with God. The Congregation of the Village of Hope of the ECPC belongs to the&nbsp;<a rel=\"noreferrer noopener\" href=\"http:\/\/www.eknk.ee\/\" target=\"_blank\">Estonian Christian Pentecostal Church<\/a>. Our activities are also based on the&nbsp;<a rel=\"noreferrer noopener\" href=\"http:\/\/ngo.ee\/eetikakoodeks\" target=\"_blank\">Code of Ethics of Estonian Non-profit Organizations<\/a>. <\/p>\n\n\n\n<p><\/p>\n","protected":false},"excerpt":{"rendered":"<p>Management of NGO The Village of Hope: M\u00e4rt V\u00e4hi (Chairman), Scott Andrew V\u00e4hi, Lauri M\u00e4llo. Annual Reports: 2010, 2011, 2012, 2013, 2014, 2015, 2016, 2017 We are Christians, we follow the biblical principles in our activities, and we value personal relationship with God. The Congregation of the Village of Hope of the ECPC belongs to [&hellip;]<\/p>\n","protected":false},"author":1,"featured_media":0,"parent":972,"menu_order":0,"comment_status":"closed","ping_status":"closed","template":"","meta":{"_acf_changed":false,"inline_featured_image":false,"footnotes":""},"class_list":["post-1418","page","type-page","status-publish","hentry"],"acf":[],"_links":{"self":[{"href":"https:\/\/lootusekula.ee\/en\/wp-json\/wp\/v2\/pages\/1418","targetHints":{"allow":["GET"]}}],"collection":[{"href":"https:\/\/lootusekula.ee\/en\/wp-json\/wp\/v2\/pages"}],"about":[{"href":"https:\/\/lootusekula.ee\/en\/wp-json\/wp\/v2\/types\/page"}],"author":[{"embeddable":true,"href":"https:\/\/lootusekula.ee\/en\/wp-json\/wp\/v2\/users\/1"}],"replies":[{"embeddable":true,"href":"https:\/\/lootusekula.ee\/en\/wp-json\/wp\/v2\/comments?post=1418"}],"version-history":[{"count":2,"href":"https:\/\/lootusekula.ee\/en\/wp-json\/wp\/v2\/pages\/1418\/revisions"}],"predecessor-version":[{"id":5998,"href":"https:\/\/lootusekula.ee\/en\/wp-json\/wp\/v2\/pages\/1418\/revisions\/5998"}],"up":[{"embeddable":true,"href":"https:\/\/lootusekula.ee\/en\/wp-json\/wp\/v2\/pages\/972"}],"wp:attachment":[{"href":"https:\/\/lootusekula.ee\/en\/wp-json\/wp\/v2\/media?parent=1418"}],"curies":[{"name":"wp","href":"https:\/\/api.w.org\/{rel}","templated":true}]}}