{"id":1490,"date":"2019-10-01T07:48:23","date_gmt":"2019-10-01T07:48:23","guid":{"rendered":"https:\/\/elegantweb.eu\/lootusekyla\/?page_id=1490"},"modified":"2020-02-18T09:58:30","modified_gmt":"2020-02-18T09:58:30","slug":"members","status":"publish","type":"page","link":"https:\/\/lootusekula.ee\/en\/fire-department\/members\/","title":{"rendered":"Members"},"content":{"rendered":"\n<p>NGO The Village of Hope Fire Department was founded on 24 July 2009.<\/p>\n\n\n\n<figure class=\"wp-block-image size-large is-resized\"><img loading=\"lazy\" decoding=\"async\" src=\"https:\/\/lootusekula.ee\/wp-content\/uploads\/2020\/01\/erkos-1-1024x768.jpg\" alt=\"\" class=\"wp-image-2031\" width=\"433\" height=\"324\" srcset=\"https:\/\/lootusekula.ee\/wp-content\/uploads\/2020\/01\/erkos-1-1024x768.jpg 1024w, https:\/\/lootusekula.ee\/wp-content\/uploads\/2020\/01\/erkos-1-300x225.jpg 300w, https:\/\/lootusekula.ee\/wp-content\/uploads\/2020\/01\/erkos-1-768x576.jpg 768w, https:\/\/lootusekula.ee\/wp-content\/uploads\/2020\/01\/erkos-1.jpg 1345w\" sizes=\"auto, (max-width: 433px) 100vw, 433px\" \/><\/figure>\n\n\n\n<p><br><strong>Founder members:<\/strong>\u00a0Legal person NGO The Village of Hope represented by M\u00e4rt V\u00e4hi, and natural persons Viljam Borissenko and Roman Lunjov<\/p>\n\n\n\n<p><strong>Management Board<\/strong>: Erko Subi (Chairman), M\u00e4rt V\u00e4hi, Roman Lunjov<\/p>\n\n\n\n<p><strong>Members<\/strong>: T\u00f5nu Ermas, Villu M\u00e4ttik, Toomas Pilt <br><\/p>\n\n\n\n<p><strong>Firefighters<\/strong>:\u00a0 Erko Subi, Roman Lunjov, T\u00f5nu Ermas, Villu M\u00e4ttik, Toomas Pilt, Jaroslav Dudt\u0161enko, Aivar Alliksaar, Einar Alliksaar, Urve Koobak , Jaanika Liinak, Arlis Liivrand, Hille Vinni, Andrei Andrejev, Arvi Raid, Juhani Karjalainen ja Andrei Spiridenko<\/p>\n\n\n\n<figure class=\"wp-block-gallery columns-0 is-cropped alignright wp-block-gallery-1 is-layout-flex wp-block-gallery-is-layout-flex\"><ul class=\"blocks-gallery-grid\"><\/ul><\/figure>\n\n\n\n<p><\/p>\n","protected":false},"excerpt":{"rendered":"<p>NGO The Village of Hope Fire Department was founded on 24 July 2009. Founder members:\u00a0Legal person NGO The Village of Hope represented by M\u00e4rt V\u00e4hi, and natural persons Viljam Borissenko and Roman Lunjov Management Board: Erko Subi (Chairman), M\u00e4rt V\u00e4hi, Roman Lunjov Members: T\u00f5nu Ermas, Villu M\u00e4ttik, Toomas Pilt Firefighters:\u00a0 Erko Subi, Roman Lunjov, T\u00f5nu [&hellip;]<\/p>\n","protected":false},"author":1,"featured_media":0,"parent":994,"menu_order":0,"comment_status":"closed","ping_status":"closed","template":"","meta":{"_acf_changed":false,"inline_featured_image":false,"footnotes":""},"class_list":["post-1490","page","type-page","status-publish","hentry"],"acf":[],"_links":{"self":[{"href":"https:\/\/lootusekula.ee\/en\/wp-json\/wp\/v2\/pages\/1490","targetHints":{"allow":["GET"]}}],"collection":[{"href":"https:\/\/lootusekula.ee\/en\/wp-json\/wp\/v2\/pages"}],"about":[{"href":"https:\/\/lootusekula.ee\/en\/wp-json\/wp\/v2\/types\/page"}],"author":[{"embeddable":true,"href":"https:\/\/lootusekula.ee\/en\/wp-json\/wp\/v2\/users\/1"}],"replies":[{"embeddable":true,"href":"https:\/\/lootusekula.ee\/en\/wp-json\/wp\/v2\/comments?post=1490"}],"version-history":[{"count":0,"href":"https:\/\/lootusekula.ee\/en\/wp-json\/wp\/v2\/pages\/1490\/revisions"}],"up":[{"embeddable":true,"href":"https:\/\/lootusekula.ee\/en\/wp-json\/wp\/v2\/pages\/994"}],"wp:attachment":[{"href":"https:\/\/lootusekula.ee\/en\/wp-json\/wp\/v2\/media?parent=1490"}],"curies":[{"name":"wp","href":"https:\/\/api.w.org\/{rel}","templated":true}]}}