{"id":1526,"date":"2019-10-01T08:47:19","date_gmt":"2019-10-01T08:47:19","guid":{"rendered":"https:\/\/elegantweb.eu\/lootusekyla\/?page_id=1526"},"modified":"2021-03-18T14:16:31","modified_gmt":"2021-03-18T14:16:31","slug":"%d0%b4%d1%80%d1%83%d0%b3%d0%b8%d0%b5-%d0%be-%d0%bd%d0%b0%d1%81","status":"publish","type":"page","link":"https:\/\/lootusekula.ee\/ru\/o-nas\/%d0%b4%d1%80%d1%83%d0%b3%d0%b8%d0%b5-%d0%be-%d0%bd%d0%b0%d1%81\/","title":{"rendered":"\u0414\u0440\u0443\u0433\u0438\u0435 \u043e \u043d\u0430\u0441"},"content":{"rendered":"\n<p>\u0412 \u0440\u0430\u0437\u043d\u044b\u0435 \u0433\u043e\u0434\u044b \u0441\u0440\u0435\u0434\u0441\u0442\u0432\u0430 \u043c\u0430\u0441\u0441\u043e\u0432\u043e\u0439 \u0438\u043d\u0444\u043e\u0440\u043c\u0430\u0446\u0438\u0438 \u043e\u0441\u0432\u0435\u0449\u0430\u043b\u0438 \u043d\u0430\u0448\u0443 \u0434\u0435\u044f\u0442\u0435\u043b\u044c\u043d\u043e\u0441\u0442\u044c. \u041c\u044b \u043f\u0440\u0438\u0437\u043d\u0430\u0442\u0435\u043b\u044c\u043d\u044b \u0437\u0430 \u043a\u0430\u0436\u0434\u044b\u0439 \u044d\u043f\u0438\u0437\u043e\u0434, \u043f\u043e\u0442\u043e\u043c\u0443 \u0447\u0442\u043e \u0442\u0430\u043a \u0438\u043d\u0444\u043e\u0440\u043c\u0430\u0446\u0438\u044f \u043b\u0443\u0447\u0448\u0435 \u0434\u043e\u0445\u043e\u0434\u0438\u0442 \u0434\u043e \u043d\u0443\u0436\u0434\u0430\u044e\u0449\u0438\u0445\u0441\u044f \u0432 \u043f\u043e\u043c\u043e\u0449\u0438. \u041e\u0447\u0435\u043d\u044c \u0447\u0430\u0441\u0442\u043e, \u0441\u043f\u0440\u0430\u0448\u0438\u0432\u0430\u044f \u0443 \u043f\u0440\u0438\u0448\u0435\u0434\u0448\u0438\u0445 \u0432 \u043f\u0440\u043e\u0433\u0440\u0430\u043c\u043c\u0443, \u043e\u0442\u043a\u0443\u0434\u0430 \u043e\u043d\u0438 \u043f\u043e\u043b\u0443\u0447\u0438\u043b\u0438 \u0438\u043d\u0444\u043e\u0440\u043c\u0430\u0446\u0438\u044e \u043e \u041f\u043e\u0441\u0451\u043b\u043a\u0435 \u043d\u0430\u0434\u0435\u0436\u0434\u044b, \u043c\u044b \u0441\u043b\u044b\u0448\u0438\u043c \u0432 \u043e\u0442\u0432\u0435\u0442: \u043f\u0440\u043e\u0447\u0451\u043b \u043e\u0431 \u044d\u0442\u043e\u043c \u0441\u0442\u0430\u0442\u044c\u044e \u0438\u043b\u0438 \u0443\u0432\u0438\u0434\u0435\u043b-\u0443\u0441\u043b\u044b\u0448\u0430\u043b \u043f\u043e \u0442\u0435\u043b\u0435\u0432\u0438\u0437\u043e\u0440\u0443-\u0440\u0430\u0434\u0438\u043e.<\/p>\n\n\n\n<ul class=\"wp-block-list\"><li>ERR, Ringvaade 19.09.2017 &#8212;&nbsp;<a href=\"https:\/\/www.youtube.com\/watch?v=tphS97ESdSA&amp;feature=youtu.be\" target=\"_blank\" rel=\"noreferrer noopener\">Paveli lugu<\/a><\/li><li>ERR, Ringvaade 08.02.2017 &#8212;&nbsp;<a href=\"http:\/\/menu.err.ee\/v\/uudised\/inimesed\/4706e6f3-22c5-4325-a8e6-0d5e4165ac9c\/ringvaatele-oma-loo-raakinud-endine-narkosoltlane-on-nuud-onnelikus-abielus\" target=\"_blank\" rel=\"noreferrer noopener\">&#171;Ringvaatele&#187; oma loo r\u00e4\u00e4kinud endine narkos\u00f5ltlane on n\u00fc\u00fcd \u00f5nnelikus abielus<\/a><\/li><li>Tiiu, 01.12.16 &#8212;&nbsp;<a href=\"http:\/\/www.lootusekula.ee\/public\/files\/Vanaema%20Mia.pdf\" target=\"_blank\" rel=\"noreferrer noopener\">Vanaema usk aitas uimastitest vabaneda<\/a><\/li><li>Eesti Ekspress 16.11.2016 &#8212;&nbsp;<a href=\"http:\/\/www.lootusekula.ee\/public\/files\/Raiman.pdf\" target=\"_blank\" rel=\"noreferrer noopener\">Endine narkomaan: sain reedeti palka 1500 eurot, esmasp\u00e4evaks polnud s\u00f6\u00f6girahagi<\/a><\/li><li>ERR, Ringvaade 19.10.2016 &#8212;&nbsp;<a href=\"http:\/\/etv.err.ee\/v\/meelelahutus\/ringvaade\/ringvaate_lood\/88307d3c-386e-4628-8127-a48f7714f9c5\/ringvaates-raakis-oma-loo-30-aastane-ragnar-kes-on-poole-oma-elust-kinni-istunud#.WAhhXNDVHOV.facebook\" target=\"_blank\" rel=\"noreferrer noopener\">&#171;Ringvaates&#187; r\u00e4\u00e4kis oma loo 30-aastane Ragnar, kes on poole oma elust kinni istunud<\/a><\/li><li>TV3, Evelin 13.10.2016 &#8212;&nbsp;<a href=\"http:\/\/tv3play.tv3.ee\/embed?id=776837&amp;wmode=transparent&amp;autostart=true\" target=\"_blank\" rel=\"noreferrer noopener\">Usu j\u00f5ud<\/a><\/li><li>ERR, Ringvaade 10.03.2016 &#8212;&nbsp;<a href=\"http:\/\/etv.err.ee\/v\/meelelahutus\/ringvaade\/ringvaate_lood\/f252e334-3ce7-4c13-998a-39d9685cb39b\/narkokuritegude-eest-kumme-korda-kinni-istunud-noormees-raagib-oma-loo\" target=\"_blank\" rel=\"noreferrer noopener\">Narkokuritegude eest k\u00fcmme korda kinni istunud noormees r\u00e4\u00e4gib oma loo<\/a><\/li><li>TV7, Vabanemise tee 17.01.2016 &#8212;&nbsp;<a href=\"http:\/\/www.tv7.ee\/vod\/player\/45197\/\" target=\"_blank\" rel=\"noreferrer noopener\">Teismea katsetuste tagaj\u00e4rjed<\/a><\/li><li>TV7, Vabanemise tee 20.12.2015 &#8212;&nbsp;<a href=\"http:\/\/www.tv7.ee\/vod\/player\/45196\/\" target=\"_blank\" rel=\"noreferrer noopener\">Narkomaaniast kuritegevuseni<\/a><\/li><li>TV3, Seitsmesed&nbsp;Uudised 16.12.2015 &#8212;&nbsp;<a href=\"http:\/\/www.tv3play.ee\/sisu\/seitsmesed-uudised-2015\/686765\" target=\"_blank\" rel=\"noreferrer noopener\">Lootuse K\u00fcla hakkab toetama vanglast vabanenuid<\/a><\/li><li>ERR, Ringvaade 01.12.2015 &#8212;&nbsp;<a href=\"http:\/\/etv.err.ee\/v\/meelelahutus\/ringvaade\/ringvaate_lood\/769b7a8f-3401-496f-8093-689a0a58e20f\/ringvaade-kais-vaatamas-kuidas-laheb-narkootikumidega-pahuksis-olnud-raimanil\" target=\"_blank\" rel=\"noreferrer noopener\">&#171;Ringvaade&#187; k\u00e4is vaatamas, kuidas l\u00e4heb narkootikumidega pahuksis olnud Raimanil<\/a><\/li><li>ERR, ETV, 29.11.2015 &#8212;&nbsp;<a href=\"http:\/\/etv.err.ee\/v\/kultuurisaated\/saated\/65482ee0-6d6c-4dfa-acf4-940758492a69\/esimese-advendi-jumalateenistus-lootuse-kulas\" target=\"_blank\" rel=\"noreferrer noopener\">Esimese advendi jumalateenistus Lootuse K\u00fclast<\/a><\/li><li>P\u00e4rnu Postimees 14.11.2015 &#8212;&nbsp;<a href=\"http:\/\/www.lootusekula.ee\/public\/files\/P%C3%A4rnu%20postimees%2014.11.2015.compressed-page-001.jpg\" target=\"_blank\" rel=\"noreferrer noopener\">S\u00fc\u00fctu hipirohi kanep veab allam\u00e4ge<\/a><\/li><li>TV7, 27.09.2015 &#8212;&nbsp;<a href=\"http:\/\/www.tv7.ee\/vod\/player\/?program=45194\" target=\"_blank\" rel=\"noreferrer noopener\">Vabanemise tee : S\u00f5ltuvused: Ravimis\u00f5ltuvus<\/a><\/li><li>\u00d5htuleht, 28.09.2015 &#8212;&nbsp;<a href=\"http:\/\/www.lootusekula.ee\/public\/files\/sql2809006.pdf\">Noorelt eluheidikuks: &#171;J\u00f5in end v\u00e4ga kiirelt p\u00f5hja. Mul ei olnud enam lootust.&#187;<\/a><\/li><li>TV7, 30.08.2015 &#8212;&nbsp;<a href=\"http:\/\/www.tv7.ee\/vod\/player\/?program=45193\" target=\"_blank\" rel=\"noreferrer noopener\">Vabanemise tee : S\u00f5ltuvused: Hasartm\u00e4ng<\/a><\/li><li>TV7, 02.08.2015 &#8212;&nbsp;<a href=\"http:\/\/www.tv7.ee\/vod\/player\/?program=45192\" target=\"_blank\" rel=\"noreferrer noopener\">Vabanemise tee : S\u00f5ltuvused: Narkomaania<\/a><\/li><li>\u00d5htuleht 22.06.2015 &#8212;&nbsp;<a href=\"http:\/\/www.lootusekula.ee\/public\/files\/Erko%20Lugu%20%C3%95htuleht.pdf\" target=\"_blank\" rel=\"noreferrer noopener\">Alkohooliku argip\u00e4ev: \u00f5lu l\u00e4ks alla kui vesi! Viis-kuus liitrit p\u00e4evas<\/a><\/li><li>Naisteleht 18.06.2015 &#8212;&nbsp;<a href=\"http:\/\/www.lootusekula.ee\/public\/files\/Maksim.pdf\" target=\"_blank\" rel=\"noreferrer noopener\">Maksim: &#171;Maksan &#171;ilusa elu&#187; l\u00f5ivu n\u00fc\u00fcd kogu elu&#8230;&#187;&nbsp;<\/a><\/li><li>P\u00e4rnu Postimees 23.05.2015 &#8212;&nbsp;<a href=\"http:\/\/www.lootusekula.ee\/public\/files\/prn2305012-page-001.jpg\" target=\"_blank\" rel=\"noreferrer noopener\">Lootuse K\u00fcla pakub v\u00f5imalust uuele rajale keerata<\/a><\/li><li>Naisteleht 23.04.2015 &#8212;&nbsp;<a href=\"http:\/\/www.lootusekula.ee\/public\/files\/Naisteleht%20Rauno.jpg\" target=\"_blank\" rel=\"noreferrer noopener\">Valgekrae-kriminaal Rauno: &#171;Armastus p\u00e4\u00e4stis mind!&#187;<\/a>&nbsp;<a href=\"http:\/\/www.lootusekula.ee\/public\/files\/Naisteleht%20Rauno%202.jpg\" target=\"_blank\" rel=\"noreferrer noopener\">(2)<\/a><\/li><li>Oma Vald, 03.03.2015 &#8212;&nbsp;<a href=\"http:\/\/www.lootusekula.ee\/public\/files\/Oma%20vald%202015%20M%C3%A4rts.pdf\" target=\"_blank\" rel=\"noreferrer noopener\">\u00d5nnetus ei h\u00fc\u00fca tulles&#8230;<\/a><\/li><li>Raadio 7, Eestimaa \u00c4rka!, 11.03.2015 &#8212;&nbsp;<a href=\"http:\/\/www.raadio7.ee\/podcast\/eestimaa-arka-2015-03-11\/\" target=\"_blank\" rel=\"noreferrer noopener\">Stuudios Lootuse k\u00fcla J\u00e4rvakandi keskusese juht Villy V\u00f5rk ja Ragnar Turgan.<\/a><\/li><li>Raplamaa S\u00f5numid, 27.02.2015 &#8212;&nbsp;<a href=\"http:\/\/www.lootusekula.ee\/public\/files\/Villy%201.pdf\" target=\"_blank\" rel=\"noreferrer noopener\">Villy V\u00f5rk: V\u00f5tsin k\u00f5ik, mis kuradil pakkuda oli, n\u00fc\u00fcd v\u00f5tan k\u00f5ik, mis Jumalal pakkuda on<\/a>&nbsp;<a href=\"http:\/\/public\/files\/Villy%202.pdf\" target=\"_blank\" rel=\"noreferrer noopener\">(teine leht)<\/a><\/li><li>\u200bTV3, P\u00e4ev, mis muutis mu elu, 15.12.2014 &#8212;&nbsp;<a href=\"http:\/\/www.tv3play.ee\/sisu\/paev-mis-muutis-mu-elu\/507685?autostart=true\" target=\"_blank\" rel=\"noreferrer noopener\">P\u00e4ev, mis muutis mu elu<\/a><\/li><li>ERR, Puutepunkt, 16.11.2014 &#8212;&nbsp;<a href=\"http:\/\/etv.err.ee\/v\/elusaated\/puutepunkt\/videod\/067a8025-c0e2-46cc-b2b3-8767dd5ad117\" target=\"_blank\" rel=\"noreferrer noopener\">Marko Sepp:&nbsp;alkohoolik vajab inimeste abi, kes on selle probleemi k\u00e4es ise olnud<\/a><\/li><li>ERR, Ringvaade, 30.10.2014 &#8212;&nbsp;<a href=\"http:\/\/etv.err.ee\/v\/meelelahutus\/ringvaade\/ringvaate_lood\/c04add9d-d07e-4913-8822-3185caf825bd\" target=\"_blank\" rel=\"noreferrer noopener\">Villy V\u00f5rk loobus s\u00f5ltuvusest ning aitab n\u00fc\u00fcd teisi abi vajavaid mehi<\/a><\/li><li>ERR, Ringvaade, 11.09. 2014 &#8212;&nbsp;<a href=\"http:\/\/etv.err.ee\/v\/meelelahutus\/ringvaade\/ringvaate_lood\/8ca3dd77-ef80-4831-83c9-7ead890095e8\" target=\"_blank\" rel=\"noreferrer noopener\">Lootuse k\u00fcla juht oli aastaid narkootikumide k\u00fc\u00fcsis<\/a><\/li><li>Raadio 7, Eestimaa \u00c4rka!, 10.09.2014 &#8212;&nbsp;<a href=\"http:\/\/www.raadio7.ee\/podcast\/eestimaa-arka-2014-09-10\/\" target=\"_blank\" rel=\"noreferrer noopener\">Lootuse K\u00fcla vilistlaste kokkutulekust<\/a><\/li><li>ERR, Kirikuelu, 15.06.2014 &#8212;&nbsp;<a href=\"http:\/\/arhiiv.err.ee\/vaata\/kirikuelu-kirikuelu-lootuse-kula\" target=\"_blank\" rel=\"noreferrer noopener\">Lootuse K\u00fclast<\/a><\/li><li>ERR, Ringvaade, 12.04.2014 &#8212;&nbsp;<a href=\"https:\/\/www.youtube.com\/watch?v=RURVCn-O-Zg\" target=\"_blank\" rel=\"noreferrer noopener\">Eksnarkomaanist pastor Ragnari lugu<\/a><\/li><li>TV7, Viljakandjad, 17.11.2013 &#8212;&nbsp;<a href=\"http:\/\/www.tv7.ee\/vod\/player\/?program=35703\" target=\"_blank\" rel=\"noreferrer noopener\">Viljakandjad Lootuse K\u00fcla<\/a><\/li><li>ERR, Meie inimesed, 16.09.2013 &#8212;&nbsp;<a href=\"http:\/\/arhiiv.err.ee\/vaata\/meie-inimesed-jaanus\" target=\"_blank\" rel=\"noreferrer noopener\">Jaanus<\/a><\/li><li>ERR, Ringvaade, 11.09.2013 &#8212;&nbsp;<a href=\"https:\/\/www.youtube.com\/watch?v=cCzdTTNK3zw\" target=\"_blank\" rel=\"noreferrer noopener\">Narkos\u00f5ltlase lugu<\/a><\/li><li>Kanal2, Reporter, 09.09.2013 &#8212;&nbsp;<a href=\"http:\/\/www.reporter.ee\/2013\/09\/09\/narkomaanide-uus-elu-lootuse-kulas\/\" target=\"_blank\" rel=\"noreferrer noopener\">Narkomaanide uus elu Lootuse K\u00fclas<\/a><\/li><li>Eesti P\u00e4evaleht, 23.05.2013 &#8212;&nbsp;<a href=\"http:\/\/www.epl.ee\/news\/eesti\/endine-teismeline-narkomaan-rabelesin-valja-tahtejouga.d?id=66172362\" target=\"_blank\" rel=\"noreferrer noopener\">Endine teismeline narkomaan: rabelesin v\u00e4lja tahtej\u00f5uga<\/a><\/li><li>Delfi TV, 22.05.2013 &#8212;&nbsp;<a href=\"http:\/\/tv.delfi.ee\/video\/GbRYOH6x\/\" target=\"_blank\" rel=\"noreferrer noopener\">Lootuse K\u00fcla elanik Raiman r\u00e4\u00e4gib elust narkomaanina<\/a><\/li><li>Eesti P\u00e4evaleht, 17.05.2013 &#8212;&nbsp;<a href=\"http:\/\/www.epl.ee\/news\/eesti\/heategevuslik-mtu-jai-riigi-enampakkumisel-pika-ninaga.d?id=66140314\" target=\"_blank\" rel=\"noreferrer noopener\">Heategevuslik MT\u00dc j\u00e4i riigi enampakkumisel pika ninaga<\/a><\/li><li>Naised, 16.05.2013 &#8212;&nbsp;<a href=\"http:\/\/www.lootusekula.ee\/public\/files\/untitled%20folder\/Liis_Borissenko_Naised.PDF\" target=\"_blank\" rel=\"noreferrer noopener\">Lootusekiir Liis tahab luua naistele tugikeskust<\/a><\/li><li>ERR, Vikerraadio, 12.05.2013 &#8212; Kirikuelu:&nbsp;<a href=\"http:\/\/vikerraadio.err.ee\/helid?main_id=2041371\" target=\"_blank\" rel=\"noreferrer noopener\">Lootuse K\u00fcla tahab avada naistekeskuse<\/a><\/li><li>Delfi, 11.05.2013 &#8212;&nbsp;<a href=\"http:\/\/www.delfi.ee\/news\/paevauudised\/eesti\/lootuse-kulal-on-naiste-rehabilitatsioonikeskuse-rajamiseks-15-000-eurot-puudu.d?id=66079162\" target=\"_blank\" rel=\"noreferrer noopener\">Lootuse k\u00fclal on naiste rehabilitatsioonikeskuse rajamiseks 15 000 eurot puudu<\/a><\/li><li>Eesti Ekspress, 2.05.2013 &#8212;&nbsp;<a href=\"http:\/\/www.ekspress.ee\/news\/paevauudised\/eestiuudised\/aita-naisalkohoolikuid.d?id=66059868\" target=\"_blank\" rel=\"noreferrer noopener\">Aita naisalkohoolikuid!<\/a><\/li><li>ERR, Ringvaade, 13.11.2012 &#8212;&nbsp;<a href=\"http:\/\/www.youtube.com\/watch?v=9bx3LvEuMlc&amp;feature=youtu.be\" target=\"_blank\" rel=\"noreferrer noopener\">Viktor Kersman alkoholismist<\/a><\/li><li>Pluss, 10.2012 &#8212;&nbsp;<a href=\"http:\/\/www.lootusekula.ee\/public\/files\/Pluss.pdf\" target=\"_blank\" rel=\"noreferrer noopener\">Lootuse K\u00fcla &#8212; koht, kust iga\u00fcks leiab lootuse<\/a><\/li><li>Naisteleht, 20.07.2012 &#8212;&nbsp;<a href=\"http:\/\/www.lootusekula.ee\/public\/files\/Erik%20naistelehes.pdf\" target=\"_blank\" rel=\"noreferrer noopener\">Rahustid on ohtlikumad kui narkootikumid!<\/a><\/li><li>Maaleht, 07.06.2012 &#8212;&nbsp;<a href=\"http:\/\/www.lootusekula.ee\/public\/files\/maaleht.pdf\" target=\"_blank\" rel=\"noreferrer noopener\">Kas meeste v\u00f5\u00f5rutuskeskuse k\u00f5rvale kerkib n\u00fc\u00fcd ka naiste oma?<\/a><\/li><li>ERR, Puutepunkt, 15.04.2012 &#8212;&nbsp;<a href=\"http:\/\/etv.err.ee\/index.php?05593327&amp;video=3731\" target=\"_blank\" rel=\"noreferrer noopener\">Lootuse K\u00fcla turgutab alkoholi- ja narkos\u00f5ltlased taas elule ja jalule<\/a><\/li><li>Eesti Ekspress, 15.03.2012 &#8212;&nbsp;<a href=\"http:\/\/www.ekspress.ee\/news\/paevauudised\/eestiuudised\/julge-pastor-ajas-lenini-pea-abil-kokku-miljon-dollarit.d?id=64071345\" target=\"_blank\" rel=\"noreferrer noopener\">Julge pastor ajas Lenini pea abil kokku miljon dollarit<\/a><\/li><li>Delfi.TV, 15.03.2012 \u2013&nbsp;<a href=\"http:\/\/tv.delfi.ee\/video\/VyQrAkKx\/\" target=\"_blank\" rel=\"noreferrer noopener\">Intervjuu M\u00e4rt V\u00e4higa<\/a><\/li><li>Delfi.TV, 15.03.2012 \u2013&nbsp;<a href=\"http:\/\/tv.delfi.ee\/video\/isr0TOhQ\/\" target=\"_blank\" rel=\"noreferrer noopener\">Eriku lugu<\/a><\/li><li>V\u00e4sterviks-Tidningen, 05.03.2012 &#8212;&nbsp;<a href=\"http:\/\/www.lootusekula.ee\/public\/files\/V%C3%A4sterviks.pdf\" target=\"_blank\" rel=\"noreferrer noopener\">G\u00e4ster fran ok\u00e4nt grannland<\/a><\/li><li>Oma vald, 06.12.2011 &#8212;&nbsp;<a href=\"http:\/\/omavald.blogspot.com\/2011\/12\/mtu-lootuse-kulas-kaik-alaealiste.html\" target=\"_blank\" rel=\"noreferrer noopener\">MT\u00dc Lootuse k\u00fclas k\u00e4ik alaealiste komisjonis olnud noortega<\/a><\/li><li>Raadio 7, 06.12.2011 &#8212;&nbsp;<a href=\"mms:\/\/raadio7.ee\/saated\/Armust_kantud_183629235.wma\" target=\"_blank\" rel=\"noreferrer noopener\">Armust kantud: Lootusetusest v\u00e4lja<\/a><\/li><li>Meie maa, 05.12.2011 &#8212;&nbsp;<a href=\"https:\/\/www.meiemaa.ee\/index.php?content=artiklid&amp;sub=44&amp;artid=45586\" target=\"_blank\" rel=\"noreferrer noopener\">Saare eluheidikute dessant Lootuse k\u00fclla<\/a><\/li><li>Raadio 7, 27.09.2011 &#8212;&nbsp;<a href=\"mms:\/\/raadio7.ee\/saated\/Armust_kantud_3172910198.wma\" target=\"_blank\" rel=\"noreferrer noopener\">Armust kantud: Lootuse K\u00fcla<\/a><\/li><li>Naisteleht, 23.09.2011 \u2013&nbsp;<a href=\"http:\/\/www.lootusekula.ee\/public\/files\/janarnaistelehes.pdf\" target=\"_blank\" rel=\"noreferrer noopener\">Olen kolm korda \u00fcritanud ennast tappa!<\/a><\/li><li>EKNK juubelileht, 08.2011 &#8212;&nbsp;<a href=\"http:\/\/www.google.ee\/url?sa=t&amp;rct=j&amp;q=lootuse%20k%C3%BCla&amp;source=web&amp;cd=17&amp;ved=0CEgQFjAGOAo&amp;url=http%3A%2F%2Fwww.eknk.ee%2Fredirect.php%3Ffileid%3D5&amp;ei=nW5LT5-4CYyYOqHp6KAG&amp;usg=AFQjCNEyKDb_cNbc8me2NokMc70pnzO7ww&amp;cad=rja\" target=\"_blank\" rel=\"noreferrer noopener\">Lootuse k\u00fcla asukad kasvavad p\u00e4\u00e4stetavatest p\u00e4\u00e4stjaks<\/a><\/li><li>Oma vald, 02.06.2011 \u2013&nbsp;<a href=\"http:\/\/xn--http-4b7a\/\/omavald.blogspot.com\/2011\/06\/uudiseid-lootuse-kulast.html\" target=\"_blank\" rel=\"noreferrer noopener\">Uudiseid Lootuse K\u00fclast<\/a><\/li><li>ERR, Vikerraadio, 03.2011 &#8212;&nbsp;<a href=\"mms:\/\/raadio7.ee\/saated\/Lootuse_kyla.wma\" target=\"_blank\" rel=\"noreferrer noopener\">Kirikuelu<\/a><\/li><li>Naisteleht, 10.12.2010 &#8212;&nbsp;<a href=\"http:\/\/www.lootusekula.ee\/public\/files\/liisnaistelehes.pdf\" target=\"_blank\" rel=\"noreferrer noopener\">Edukas pangat\u00f6\u00f6tja j\u00e4ttis t\u00f6\u00f6 ja hakkas head tegema<\/a><\/li><li>ERR, Ringvaade, 26.11.2010 &#8212;&nbsp;<a href=\"http:\/\/www.youtube.com\/watch?v=rTiVWfSndd0&amp;feature=youtu.be\" target=\"_blank\" rel=\"noreferrer noopener\">Ringvaade MT\u00dc Lootuse K\u00fclas<\/a><\/li><li>Eesti Ekspress, 07.01.2010 &#8212;&nbsp;<a href=\"http:\/\/www.ekspress.ee\/news\/paevauudised\/eestiuudised\/25-meest-said-soonuks-360-krooniga-kuus.d?id=28339809\" target=\"_blank\" rel=\"noreferrer noopener\">25 meest said s\u00f6\u00f6nuks 360 krooniga kuus<\/a><\/li><li>Teek\u00e4ija, 01.2010 \u2013&nbsp;<a href=\"http:\/\/www.teek.ee\/index.php\/teemad\/36-uhiskond\/346-lootuse-kula-muudetud-mehed\" target=\"_blank\" rel=\"noreferrer noopener\">Lootuse K\u00fcla muudetud mehed<\/a><\/li><li>Kuulataja, 10.12.09 &#8212;&nbsp;<a href=\"http:\/\/www.ekklesia.ee\/kuulutaja\/2009\/detsember2009.htm#4\" target=\"_blank\" rel=\"noreferrer noopener\">Lootus Lootuse K\u00fclast<\/a><\/li><li>Eesti Ekspress, 08.10.2009 &#8212;&nbsp;<a href=\"http:\/\/www.ekspress.ee\/news\/paevauudised\/eestiuudised\/endised-narkomaanid-ja-kriminaalid-asutasid-tuletorjekomando.d?id=27692091\" target=\"_blank\" rel=\"noreferrer noopener\">Endised narkomaanid ja kriminaalid asutasid tulet\u00f5rjekomando<\/a><\/li><li>Maaleht, 26.09.09 &#8212;&nbsp;<a href=\"http:\/\/www.maaleht.ee\/news\/uudised\/eestiuudised\/endised-joodikud-ja-narkarid-panid-kokku-tuletorjemeeskonna.d?id=25903009\" target=\"_blank\" rel=\"noreferrer noopener\">Endised joodikud ja narkarid panid kokku tulet\u00f5rjemeeskonna<\/a><\/li><li>NaisteMaailm, 25.06.09 &#8212;&nbsp;<a href=\"http:\/\/naistemaailm.ee\/?art_magaz=2&amp;id=25954\" target=\"_blank\" rel=\"noreferrer noopener\">Endise narkomaani pihtimus<\/a><\/li><li>ERR, Puutepunkt, 10.07 &#8212;&nbsp;<a href=\"http:\/\/www.vedur.ee\/puutepunkt\/?op=body&amp;id=9&amp;cid=409\" target=\"_blank\" rel=\"noreferrer noopener\">Lootuse k\u00fcla<\/a><\/li><li>ERR, Puutepunkt, 09.07 &#8212;&nbsp;<a href=\"http:\/\/www.vedur.ee\/puutepunkt\/?op=body&amp;id=7&amp;cid=405\" target=\"_blank\" rel=\"noreferrer noopener\">Viljami lugu<\/a><\/li><li>Meiemaa, 08.02.07 &#8212;&nbsp;<a href=\"https:\/\/www.meiemaa.ee\/index.php?content=artiklid&amp;sub=10&amp;artid=15258\" target=\"_blank\" rel=\"noreferrer noopener\">Lootuse k\u00fcla kui \u00f5lek\u00f5rs s\u00f5ltuvusest vabanemiseks<\/a><\/li><li>Keskn\u00e4dal 13.12.06 &#8212;&nbsp;<a href=\"http:\/\/www.kesknadal.ee\/g2\/uudised?id=8173\" target=\"_blank\" rel=\"noreferrer noopener\">M\u00f5ni siiski terveneb viinakatkust<\/a><\/li><li>Eesti Naine, 06.2006 \u2013&nbsp;<a href=\"http:\/\/www.lootusekula.ee\/public\/files\/Pahade_poiste_kaitseinglid.pdf\" target=\"_blank\" rel=\"noreferrer noopener\">Pahade poiste kaitseinglid<\/a><\/li><li>Eesti Kirik, 29.03.06 &#8212;&nbsp;<a href=\"http:\/\/www.eestikirik.ee\/node\/1031\" target=\"_blank\" rel=\"noreferrer noopener\">Alati lootusrikas M\u00e4rt V\u00e4hi<\/a><\/li><li>\u00d5htuleht, 19.12.05 &#8212;&nbsp;<a href=\"http:\/\/www.ohtuleht.ee\/188103#1\" target=\"_blank\" rel=\"noreferrer noopener\">Usumees p\u00e4lvis narkomaanide ellu aitamise eest auhinna<\/a><\/li><\/ul>\n","protected":false},"excerpt":{"rendered":"<p>\u0412 \u0440\u0430\u0437\u043d\u044b\u0435 \u0433\u043e\u0434\u044b \u0441\u0440\u0435\u0434\u0441\u0442\u0432\u0430 \u043c\u0430\u0441\u0441\u043e\u0432\u043e\u0439 \u0438\u043d\u0444\u043e\u0440\u043c\u0430\u0446\u0438\u0438 \u043e\u0441\u0432\u0435\u0449\u0430\u043b\u0438 \u043d\u0430\u0448\u0443 \u0434\u0435\u044f\u0442\u0435\u043b\u044c\u043d\u043e\u0441\u0442\u044c. \u041c\u044b \u043f\u0440\u0438\u0437\u043d\u0430\u0442\u0435\u043b\u044c\u043d\u044b \u0437\u0430 \u043a\u0430\u0436\u0434\u044b\u0439 \u044d\u043f\u0438\u0437\u043e\u0434, \u043f\u043e\u0442\u043e\u043c\u0443 \u0447\u0442\u043e \u0442\u0430\u043a \u0438\u043d\u0444\u043e\u0440\u043c\u0430\u0446\u0438\u044f \u043b\u0443\u0447\u0448\u0435 \u0434\u043e\u0445\u043e\u0434\u0438\u0442 \u0434\u043e \u043d\u0443\u0436\u0434\u0430\u044e\u0449\u0438\u0445\u0441\u044f \u0432 \u043f\u043e\u043c\u043e\u0449\u0438. \u041e\u0447\u0435\u043d\u044c \u0447\u0430\u0441\u0442\u043e, \u0441\u043f\u0440\u0430\u0448\u0438\u0432\u0430\u044f \u0443 \u043f\u0440\u0438\u0448\u0435\u0434\u0448\u0438\u0445 \u0432 \u043f\u0440\u043e\u0433\u0440\u0430\u043c\u043c\u0443, \u043e\u0442\u043a\u0443\u0434\u0430 \u043e\u043d\u0438 \u043f\u043e\u043b\u0443\u0447\u0438\u043b\u0438 \u0438\u043d\u0444\u043e\u0440\u043c\u0430\u0446\u0438\u044e \u043e \u041f\u043e\u0441\u0451\u043b\u043a\u0435 \u043d\u0430\u0434\u0435\u0436\u0434\u044b, \u043c\u044b \u0441\u043b\u044b\u0448\u0438\u043c \u0432 \u043e\u0442\u0432\u0435\u0442: \u043f\u0440\u043e\u0447\u0451\u043b \u043e\u0431 \u044d\u0442\u043e\u043c \u0441\u0442\u0430\u0442\u044c\u044e \u0438\u043b\u0438 \u0443\u0432\u0438\u0434\u0435\u043b-\u0443\u0441\u043b\u044b\u0448\u0430\u043b \u043f\u043e \u0442\u0435\u043b\u0435\u0432\u0438\u0437\u043e\u0440\u0443-\u0440\u0430\u0434\u0438\u043e. ERR, Ringvaade 19.09.2017 &#8212;&nbsp;Paveli lugu [&hellip;]<\/p>\n","protected":false},"author":1,"featured_media":0,"parent":985,"menu_order":0,"comment_status":"closed","ping_status":"closed","template":"","meta":{"_acf_changed":false,"inline_featured_image":false,"footnotes":""},"class_list":["post-1526","page","type-page","status-publish","hentry"],"acf":[],"_links":{"self":[{"href":"https:\/\/lootusekula.ee\/ru\/wp-json\/wp\/v2\/pages\/1526","targetHints":{"allow":["GET"]}}],"collection":[{"href":"https:\/\/lootusekula.ee\/ru\/wp-json\/wp\/v2\/pages"}],"about":[{"href":"https:\/\/lootusekula.ee\/ru\/wp-json\/wp\/v2\/types\/page"}],"author":[{"embeddable":true,"href":"https:\/\/lootusekula.ee\/ru\/wp-json\/wp\/v2\/users\/1"}],"replies":[{"embeddable":true,"href":"https:\/\/lootusekula.ee\/ru\/wp-json\/wp\/v2\/comments?post=1526"}],"version-history":[{"count":1,"href":"https:\/\/lootusekula.ee\/ru\/wp-json\/wp\/v2\/pages\/1526\/revisions"}],"predecessor-version":[{"id":3390,"href":"https:\/\/lootusekula.ee\/ru\/wp-json\/wp\/v2\/pages\/1526\/revisions\/3390"}],"up":[{"embeddable":true,"href":"https:\/\/lootusekula.ee\/ru\/wp-json\/wp\/v2\/pages\/985"}],"wp:attachment":[{"href":"https:\/\/lootusekula.ee\/ru\/wp-json\/wp\/v2\/media?parent=1526"}],"curies":[{"name":"wp","href":"https:\/\/api.w.org\/{rel}","templated":true}]}}