{"id":1529,"date":"2019-10-01T08:50:52","date_gmt":"2019-10-01T08:50:52","guid":{"rendered":"https:\/\/elegantweb.eu\/lootusekyla\/?page_id=1529"},"modified":"2021-03-18T14:18:34","modified_gmt":"2021-03-18T14:18:34","slug":"%d0%b2%d0%b8%d0%b4%d0%b5%d0%be","status":"publish","type":"page","link":"https:\/\/lootusekula.ee\/ru\/o-nas\/%d0%b2%d0%b8%d0%b4%d0%b5%d0%be\/","title":{"rendered":"\u0412\u0438\u0434\u0435\u043e"},"content":{"rendered":"\n<p>\u0412 2008 \u0433\u043e\u0434\u0443 \u042d\u0441\u0442\u043e\u043d\u0441\u043a\u043e\u0435 \u0425\u0440\u0438\u0441\u0442\u0438\u0430\u043d\u0441\u043a\u043e\u0435 \u0422\u0435\u043b\u0435\u0432\u0438\u0434\u0435\u043d\u0438\u0435 \u0437\u0430\u043f\u0438\u0441\u0430\u043b\u043e \u043e \u041f\u043e\u0441\u0451\u043b\u043a\u0435 \u043d\u0430\u0434\u0435\u0436\u0434\u044b \u043f\u044f\u0442\u0438\u043c\u0438\u043d\u0443\u0442\u043d\u043e\u0435 \u0432\u0438\u0434\u0435\u043e.<\/p>\n\n\n\n<p>\u0417\u0430 \u043f\u0440\u043e\u0448\u0435\u0434\u0448\u0438\u0435 \u0433\u043e\u0434\u044b \u043c\u044b \u0440\u0430\u0437\u0432\u0438\u043b\u0438\u0441\u044c \u0438 \u0432\u044b\u0440\u043e\u0441\u043b\u0438, \u043f\u043e\u044d\u0442\u043e\u043c\u0443 \u043d\u0435\u043a\u043e\u0442\u043e\u0440\u0430\u044f \u0438\u043d\u0444\u043e\u0440\u043c\u0430\u0446\u0438\u044f, \u0434\u0430\u0432\u0430\u0435\u043c\u0430\u044f \u0432 \u044d\u0442\u043e\u043c \u0444\u0438\u043b\u044c\u043c\u0435, \u0438\u0437\u043c\u0435\u043d\u0438\u043b\u0430\u0441\u044c, \u043d\u043e \u043f\u0440\u0438\u043d\u0446\u0438\u043f\u044b \u0438 \u0436\u0438\u0437\u043d\u0435\u043d\u043d\u044b\u0439 \u0443\u043a\u043b\u0430\u0434 \u0441\u043e\u043e\u0442\u0432\u0435\u0442\u0441\u0442\u0432\u0443\u044e\u0442 \u043e\u043f\u0438\u0441\u044b\u0432\u0430\u0435\u043c\u043e\u043c\u0443 \u0432 \u0444\u0438\u043b\u044c\u043c\u0435. \u041f\u0440\u0438\u044f\u0442\u043d\u043e\u0433\u043e \u043f\u0440\u043e\u0441\u043c\u043e\u0442\u0440\u0430! <\/p>\n\n\n\n<p>\u0421\u043c\u043e\u0442\u0440\u0438 \u0442\u0430\u043a\u0436\u0435  :<\/p>\n\n\n\n<ul class=\"wp-block-list\"><li>ERR, Ringvaade 19.09.2017 &#8212;&nbsp;<a href=\"https:\/\/www.youtube.com\/watch?v=tphS97ESdSA&amp;feature=youtu.be\" target=\"_blank\" rel=\"noreferrer noopener\">Paveli lugu<\/a><\/li><li>ERR, Ringvaade 08.02.2017 &#8212;&nbsp;<a href=\"http:\/\/menu.err.ee\/v\/uudised\/inimesed\/4706e6f3-22c5-4325-a8e6-0d5e4165ac9c\/ringvaatele-oma-loo-raakinud-endine-narkosoltlane-on-nuud-onnelikus-abielus\">&#171;Ringvaatele&#187; oma loo r\u00e4\u00e4kinud endine narkos\u00f5ltlane on n\u00fc\u00fcd \u00f5nnelikus abielus<\/a><\/li><li>ERR, Ringvaade 19.10.2016 &#8212;&nbsp;<a href=\"http:\/\/etv.err.ee\/v\/meelelahutus\/ringvaade\/ringvaate_lood\/88307d3c-386e-4628-8127-a48f7714f9c5\/ringvaates-raakis-oma-loo-30-aastane-ragnar-kes-on-poole-oma-elust-kinni-istunud#.WAhhXNDVHOV.facebook\">&#171;Ringvaates&#187; r\u00e4\u00e4kis oma loo 30-aastane Ragnar, kes on poole oma elust kinni istunud<\/a><\/li><li>TV3, Evelin, 13.10.2016 &#8212;&nbsp;<a href=\"http:\/\/tv3play.tv3.ee\/embed?id=776837&amp;wmode=transparent&amp;autostart=true\" target=\"_blank\" rel=\"noreferrer noopener\">Usu j\u00f5ud<\/a><\/li><li>ERR, Ringvaade, 10.03.2016 &#8212;&nbsp;<a href=\"http:\/\/etv.err.ee\/v\/meelelahutus\/ringvaade\/ringvaate_lood\/f252e334-3ce7-4c13-998a-39d9685cb39b\/narkokuritegude-eest-kumme-korda-kinni-istunud-noormees-raagib-oma-loo\" target=\"_blank\" rel=\"noreferrer noopener\">Narkokuritegude eest k\u00fcmme korda kinni istunud noormees r\u00e4\u00e4gib oma loo&nbsp;<\/a><\/li><li>TV7, Vabanemise tee, 17.01.2016 &#8212;&nbsp;<a href=\"http:\/\/www.tv7.ee\/vod\/player\/45197\/\" target=\"_blank\" rel=\"noreferrer noopener\">Teismea katsetuse tagaj\u00e4rjed<\/a><\/li><li>TV7, Vabanemise tee, 20.12.2015 &#8212;&nbsp;<a href=\"http:\/\/www.tv7.ee\/vod\/player\/45196\/\" target=\"_blank\" rel=\"noreferrer noopener\">Narkomaaniast kuritegevuseni<\/a><\/li><li>TV3, Seitsmesed Uudised 16.12.2015 &#8212;&nbsp;<a href=\"http:\/\/www.tv3play.ee\/sisu\/seitsmesed-uudised-2015\/686765\">Lootuse K\u00fcla hakkab toetama vanglast vabanenuid<\/a><\/li><li>ERR,&nbsp;Ringvaade 01.12.2015 &#8212;&nbsp;<a href=\"http:\/\/etv.err.ee\/v\/meelelahutus\/ringvaade\/ringvaate_lood\/769b7a8f-3401-496f-8093-689a0a58e20f\/ringvaade-kais-vaatamas-kuidas-laheb-narkootikumidega-pahuksis-olnud-raimanil\" target=\"_blank\" rel=\"noreferrer noopener\">&#171;Ringvaade&#187; k\u00e4is vaatamas, kuidas l\u00e4heb narkootikumidega pahuksis olnud Raimanil<\/a><\/li><li>ERR, ETV, 29.11.2015 &#8212;&nbsp;<a href=\"http:\/\/etv.err.ee\/v\/kultuurisaated\/saated\/65482ee0-6d6c-4dfa-acf4-940758492a69\/esimese-advendi-jumalateenistus-lootuse-kulas\" target=\"_blank\" rel=\"noreferrer noopener\">Esimese advendi jumalateenistus Lootuse K\u00fclast<\/a><\/li><li>TV7, Vabanemise tee, 27.09.2015 &#8212;&nbsp;<a href=\"http:\/\/www.tv7.ee\/vod\/player\/?program=45194\" target=\"_blank\" rel=\"noreferrer noopener\">S\u00f5ltuvused: Ravimis\u00f5ltuvus<\/a><\/li><li>TV7, Vabanemise tee, 30.08.2015 &#8212;&nbsp;<a href=\"http:\/\/www.tv7.ee\/vod\/player\/?program=45193\" target=\"_blank\" rel=\"noreferrer noopener\">S\u00f5ltuvused: Hasartm\u00e4ng<\/a><\/li><li>TV7, Vabanemise tee, 02.08.2015 &#8212;&nbsp;<a href=\"http:\/\/www.tv7.ee\/vod\/player\/?program=45192\" target=\"_blank\" rel=\"noreferrer noopener\">S\u00f5ltuvused: Narkomaania<\/a><\/li><li>TV3, P\u00e4ev, mis muutis mu elu, 15.12.2014 &#8212;&nbsp;<a href=\"http:\/\/www.tv3play.ee\/sisu\/paev-mis-muutis-mu-elu\/507685?autostart=true\" target=\"_blank\" rel=\"noreferrer noopener\">P\u00e4ev, mis muutis mu elu<\/a><\/li><li>ERR, Puutepunkt, 16.11.2014 &#8212;&nbsp;<a href=\"http:\/\/etv.err.ee\/v\/elusaated\/puutepunkt\/videod\/067a8025-c0e2-46cc-b2b3-8767dd5ad117\" target=\"_blank\" rel=\"noreferrer noopener\">Marko Sepp: alkohoolik vajab inimeste abi, kes on selle probleemi k\u00e4es ise olnud<\/a><\/li><li>ERR, Ringvaade, 30.10.2014 &#8212;&nbsp;<a href=\"http:\/\/etv.err.ee\/v\/meelelahutus\/ringvaade\/ringvaate_lood\/c04add9d-d07e-4913-8822-3185caf825bd\" target=\"_blank\" rel=\"noreferrer noopener\">Villy V\u00f5rk loobus s\u00f5ltuvusest ning aitab n\u00fc\u00fcd teisi abi vajajaid mehi<\/a><\/li><li>ERR, Ringvaade, 11.09. 2014 &#8212;&nbsp;<a href=\"http:\/\/etv.err.ee\/v\/meelelahutus\/ringvaade\/ringvaate_lood\/8ca3dd77-ef80-4831-83c9-7ead890095e8\" target=\"_blank\" rel=\"noreferrer noopener\">Lootuse k\u00fcla juht oli aastaid narkootikumide k\u00fc\u00fcsis<\/a><\/li><li>ERR, Ringvaade, 12.04.2014 &#8212;&nbsp;<a href=\"https:\/\/www.youtube.com\/watch?v=RURVCn-O-Zg\" target=\"_blank\" rel=\"noreferrer noopener\">Eksnarkomaanist pastor Ragnari lugu<\/a><\/li><li>TV7, Viljakandjad, 17.11.2013 &#8212;&nbsp;<a href=\"http:\/\/www.tv7.ee\/vod\/player\/?program=35703\" target=\"_blank\" rel=\"noreferrer noopener\">Viljakandjad Lootuse K\u00fcla<\/a><\/li><li>ERR, Meie inimesed, 16.09.2013 &#8212;&nbsp;<a href=\"http:\/\/arhiiv.err.ee\/vaata\/meie-inimesed-jaanus\" target=\"_blank\" rel=\"noreferrer noopener\">Jaanus<\/a><\/li><li>ERR, Ringvaade, 11.09.2013 &#8212;&nbsp;<a href=\"https:\/\/www.youtube.com\/watch?v=cCzdTTNK3zw\" target=\"_blank\" rel=\"noreferrer noopener\">Narkos\u00f5ltlase lugu<\/a><\/li><li>Kanal2, Reporter, 09.09.2013 &#8212;&nbsp;<a href=\"http:\/\/www.reporter.ee\/2013\/09\/09\/narkomaanide-uus-elu-lootuse-kulas\/\" target=\"_blank\" rel=\"noreferrer noopener\">Narkomaanide uus elu Lootuse K\u00fclas<\/a><\/li><li>Delfi.TV &#8212;&nbsp;<a href=\"http:\/\/tv.delfi.ee\/video\/GbRYOH6x\/\" target=\"_blank\" rel=\"noreferrer noopener\">Lootuse K\u00fcla elanik Raiman r\u00e4\u00e4gib elust narkomaanina<\/a>(22.05.2013)<\/li><li>ERR, Ringvaade&nbsp;<a href=\"http:\/\/www.youtube.com\/watch?v=9bx3LvEuMlc&amp;feature=youtu.be\" target=\"_blank\" rel=\"noreferrer noopener\">Viktor Kersman alkoholismist<\/a>&nbsp;(13.11.2012)<\/li><li>ERR, Puutepunkt&nbsp;<a href=\"http:\/\/etv.err.ee\/index.php?05593327&amp;video=3731\" target=\"_blank\" rel=\"noreferrer noopener\">Lootuse K\u00fcla turgutab alkoholi- ja narkos\u00f5ltlased taas elule ja jalule<\/a>&nbsp;(15.04.2012)<\/li><li>Delfi.TV&nbsp;<a href=\"http:\/\/tv.delfi.ee\/video\/VyQrAkKx\/\" target=\"_blank\" rel=\"noreferrer noopener\">intervjuu M\u00e4rt V\u00e4higa<\/a>&nbsp;(15.03.2012)<\/li><li>Delfi.TV&nbsp;<a href=\"http:\/\/tv.delfi.ee\/video\/isr0TOhQ\/\" target=\"_blank\" rel=\"noreferrer noopener\">Eriku lugu<\/a>&nbsp;(15.03.2012)<\/li><li>ERR,&nbsp;<a href=\"http:\/\/www.youtube.com\/watch?v=rTiVWfSndd0&amp;feature=youtu.be\" target=\"_blank\" rel=\"noreferrer noopener\">Ringvaade Lootuse K\u00fclas<\/a>&nbsp;(26.11.2010)<\/li><\/ul>\n","protected":false},"excerpt":{"rendered":"<p>\u0412 2008 \u0433\u043e\u0434\u0443 \u042d\u0441\u0442\u043e\u043d\u0441\u043a\u043e\u0435 \u0425\u0440\u0438\u0441\u0442\u0438\u0430\u043d\u0441\u043a\u043e\u0435 \u0422\u0435\u043b\u0435\u0432\u0438\u0434\u0435\u043d\u0438\u0435 \u0437\u0430\u043f\u0438\u0441\u0430\u043b\u043e \u043e \u041f\u043e\u0441\u0451\u043b\u043a\u0435 \u043d\u0430\u0434\u0435\u0436\u0434\u044b \u043f\u044f\u0442\u0438\u043c\u0438\u043d\u0443\u0442\u043d\u043e\u0435 \u0432\u0438\u0434\u0435\u043e. \u0417\u0430 \u043f\u0440\u043e\u0448\u0435\u0434\u0448\u0438\u0435 \u0433\u043e\u0434\u044b \u043c\u044b \u0440\u0430\u0437\u0432\u0438\u043b\u0438\u0441\u044c \u0438 \u0432\u044b\u0440\u043e\u0441\u043b\u0438, \u043f\u043e\u044d\u0442\u043e\u043c\u0443 \u043d\u0435\u043a\u043e\u0442\u043e\u0440\u0430\u044f \u0438\u043d\u0444\u043e\u0440\u043c\u0430\u0446\u0438\u044f, \u0434\u0430\u0432\u0430\u0435\u043c\u0430\u044f \u0432 \u044d\u0442\u043e\u043c \u0444\u0438\u043b\u044c\u043c\u0435, \u0438\u0437\u043c\u0435\u043d\u0438\u043b\u0430\u0441\u044c, \u043d\u043e \u043f\u0440\u0438\u043d\u0446\u0438\u043f\u044b \u0438 \u0436\u0438\u0437\u043d\u0435\u043d\u043d\u044b\u0439 \u0443\u043a\u043b\u0430\u0434 \u0441\u043e\u043e\u0442\u0432\u0435\u0442\u0441\u0442\u0432\u0443\u044e\u0442 \u043e\u043f\u0438\u0441\u044b\u0432\u0430\u0435\u043c\u043e\u043c\u0443 \u0432 \u0444\u0438\u043b\u044c\u043c\u0435. \u041f\u0440\u0438\u044f\u0442\u043d\u043e\u0433\u043e \u043f\u0440\u043e\u0441\u043c\u043e\u0442\u0440\u0430! \u0421\u043c\u043e\u0442\u0440\u0438 \u0442\u0430\u043a\u0436\u0435 : ERR, Ringvaade 19.09.2017 &#8212;&nbsp;Paveli lugu ERR, Ringvaade 08.02.2017 &#8212;&nbsp;&#171;Ringvaatele&#187; oma loo r\u00e4\u00e4kinud endine narkos\u00f5ltlane [&hellip;]<\/p>\n","protected":false},"author":1,"featured_media":0,"parent":985,"menu_order":0,"comment_status":"closed","ping_status":"closed","template":"","meta":{"_acf_changed":false,"inline_featured_image":false,"footnotes":""},"class_list":["post-1529","page","type-page","status-publish","hentry"],"acf":[],"_links":{"self":[{"href":"https:\/\/lootusekula.ee\/ru\/wp-json\/wp\/v2\/pages\/1529","targetHints":{"allow":["GET"]}}],"collection":[{"href":"https:\/\/lootusekula.ee\/ru\/wp-json\/wp\/v2\/pages"}],"about":[{"href":"https:\/\/lootusekula.ee\/ru\/wp-json\/wp\/v2\/types\/page"}],"author":[{"embeddable":true,"href":"https:\/\/lootusekula.ee\/ru\/wp-json\/wp\/v2\/users\/1"}],"replies":[{"embeddable":true,"href":"https:\/\/lootusekula.ee\/ru\/wp-json\/wp\/v2\/comments?post=1529"}],"version-history":[{"count":1,"href":"https:\/\/lootusekula.ee\/ru\/wp-json\/wp\/v2\/pages\/1529\/revisions"}],"predecessor-version":[{"id":3391,"href":"https:\/\/lootusekula.ee\/ru\/wp-json\/wp\/v2\/pages\/1529\/revisions\/3391"}],"up":[{"embeddable":true,"href":"https:\/\/lootusekula.ee\/ru\/wp-json\/wp\/v2\/pages\/985"}],"wp:attachment":[{"href":"https:\/\/lootusekula.ee\/ru\/wp-json\/wp\/v2\/media?parent=1529"}],"curies":[{"name":"wp","href":"https:\/\/api.w.org\/{rel}","templated":true}]}}