{"id":1562,"date":"2019-10-02T08:00:09","date_gmt":"2019-10-02T08:00:09","guid":{"rendered":"https:\/\/elegantweb.eu\/lootusekyla\/?page_id=1562"},"modified":"2021-03-19T14:50:46","modified_gmt":"2021-03-19T14:50:46","slug":"%d0%ba%d0%be%d0%bd%d1%82%d0%b0%d0%ba%d1%82","status":"publish","type":"page","link":"https:\/\/lootusekula.ee\/ru\/paasteselts\/%d0%ba%d0%be%d0%bd%d1%82%d0%b0%d0%ba%d1%82\/","title":{"rendered":"\u041a\u043e\u043d\u0442\u0430\u043a\u0442\u044b \u0441\u043f\u0430\u0441\u0430\u0442\u0435\u043b\u044c\u043d\u043e\u0439 \u043a\u043e\u043c\u0430\u043d\u0434\u044b"},"content":{"rendered":"\n<h2 class=\"wp-block-heading\">\u041d\u0414\u041e \u041e\u0431\u0449\u0435\u0441\u0442\u0432\u043e \u0441\u043f\u0430\u0441\u0430\u0442\u0435\u043b\u0435\u0439 \u041f\u043e\u0441\u0451\u043b\u043a\u0430 \u043d\u0430\u0434\u0435\u0436\u0434\u044b<\/h2>\n\n\n\n<p><br>\u042d\u0440\u043a\u043e \u0421\u0443\u0431\u0438&nbsp; \u2013 \u043f\u0440\u0435\u0434\u0441\u0435\u0434\u0430\u0442\u0435\u043b\u044c \u043f\u0440\u0430\u0432\u043b\u0435\u043d\u0438\u044f <\/p>\n\n\n\n<p>\u041b\u0430\u0439\u0442\u0441\u0435, 76313 \u0425\u0430\u0440\u044c\u044e\u043c\u0430\u0430<br>\u0420\u0435\u0433\u0438\u0441\u0442\u0440\u0430\u0446\u0438\u043e\u043d\u043d\u044b\u0439 \u043a\u043e\u0434 80291738 <\/p>\n\n\n\n<p>\u0422\u0435\u043b\u0435\u0444\u043e\u043d: +372 671 6198<br>\u041c\u043e\u0431\u0438\u043b\u044c\u043d\u044b\u0439 \u0442\u0435\u043b\u0435\u0444\u043e\u043d: +372 5663 3804<br><a href=\"mailto:info@lootusekula.ee\">info@lootusekula.ee<\/a> <\/p>\n\n\n\n<p>Swedbank a\/a&nbsp;EE022200221047462891<\/p>\n\n\n\n<p>Lootuse K\u00fcla P\u00e4\u00e4steselts MT\u00dc <\/p>\n\n\n\n<p><\/p>\n","protected":false},"excerpt":{"rendered":"<p>\u041d\u0414\u041e \u041e\u0431\u0449\u0435\u0441\u0442\u0432\u043e \u0441\u043f\u0430\u0441\u0430\u0442\u0435\u043b\u0435\u0439 \u041f\u043e\u0441\u0451\u043b\u043a\u0430 \u043d\u0430\u0434\u0435\u0436\u0434\u044b \u042d\u0440\u043a\u043e \u0421\u0443\u0431\u0438&nbsp; \u2013 \u043f\u0440\u0435\u0434\u0441\u0435\u0434\u0430\u0442\u0435\u043b\u044c \u043f\u0440\u0430\u0432\u043b\u0435\u043d\u0438\u044f \u041b\u0430\u0439\u0442\u0441\u0435, 76313 \u0425\u0430\u0440\u044c\u044e\u043c\u0430\u0430\u0420\u0435\u0433\u0438\u0441\u0442\u0440\u0430\u0446\u0438\u043e\u043d\u043d\u044b\u0439 \u043a\u043e\u0434 80291738 \u0422\u0435\u043b\u0435\u0444\u043e\u043d: +372 671 6198\u041c\u043e\u0431\u0438\u043b\u044c\u043d\u044b\u0439 \u0442\u0435\u043b\u0435\u0444\u043e\u043d: +372 5663 3804info@lootusekula.ee Swedbank a\/a&nbsp;EE022200221047462891 Lootuse K\u00fcla P\u00e4\u00e4steselts MT\u00dc<\/p>\n","protected":false},"author":1,"featured_media":0,"parent":1553,"menu_order":0,"comment_status":"closed","ping_status":"closed","template":"","meta":{"_acf_changed":false,"inline_featured_image":false,"footnotes":""},"class_list":["post-1562","page","type-page","status-publish","hentry"],"acf":[],"_links":{"self":[{"href":"https:\/\/lootusekula.ee\/ru\/wp-json\/wp\/v2\/pages\/1562","targetHints":{"allow":["GET"]}}],"collection":[{"href":"https:\/\/lootusekula.ee\/ru\/wp-json\/wp\/v2\/pages"}],"about":[{"href":"https:\/\/lootusekula.ee\/ru\/wp-json\/wp\/v2\/types\/page"}],"author":[{"embeddable":true,"href":"https:\/\/lootusekula.ee\/ru\/wp-json\/wp\/v2\/users\/1"}],"replies":[{"embeddable":true,"href":"https:\/\/lootusekula.ee\/ru\/wp-json\/wp\/v2\/comments?post=1562"}],"version-history":[{"count":4,"href":"https:\/\/lootusekula.ee\/ru\/wp-json\/wp\/v2\/pages\/1562\/revisions"}],"predecessor-version":[{"id":3541,"href":"https:\/\/lootusekula.ee\/ru\/wp-json\/wp\/v2\/pages\/1562\/revisions\/3541"}],"up":[{"embeddable":true,"href":"https:\/\/lootusekula.ee\/ru\/wp-json\/wp\/v2\/pages\/1553"}],"wp:attachment":[{"href":"https:\/\/lootusekula.ee\/ru\/wp-json\/wp\/v2\/media?parent=1562"}],"curies":[{"name":"wp","href":"https:\/\/api.w.org\/{rel}","templated":true}]}}