{"id":3203,"date":"2020-03-30T07:55:30","date_gmt":"2020-03-30T07:55:30","guid":{"rendered":"https:\/\/lootusekula.ee\/alkoholi-ravi\/"},"modified":"2021-03-15T14:32:56","modified_gmt":"2021-03-15T14:32:56","slug":"alkoholi-ravi","status":"publish","type":"page","link":"https:\/\/lootusekula.ee\/ru\/alkoholi-ravi\/","title":{"rendered":"Alkoholi ravi"},"content":{"rendered":"\n<p>Lootuse K\u00fcla programmi eesm\u00e4rgiks on <strong>alkoholi ravi ehk alkoholi v\u00f5\u00f5rutus, rehabiliteerimine ja abistamine tava\u00fchiskonda naasmisel.<\/strong>&nbsp;Rehabilitatsiooniprogramm ei ole kinnipidamisasutus, siia tulevad inimesed oma vaba tahte alusel enda elu muutma.<\/p>\n\n\n\n<div class=\"wp-block-image\"><figure class=\"alignright size-large is-resized\"><img loading=\"lazy\" decoding=\"async\" src=\"https:\/\/lootusekula.ee\/wp-content\/uploads\/2019\/09\/meie-2019-1024x768.jpg\" alt=\"Alkoholi ravi\" class=\"wp-image-1361\" width=\"512\" height=\"384\" srcset=\"https:\/\/lootusekula.ee\/wp-content\/uploads\/2019\/09\/meie-2019-1024x768.jpg 1024w, https:\/\/lootusekula.ee\/wp-content\/uploads\/2019\/09\/meie-2019-300x225.jpg 300w, https:\/\/lootusekula.ee\/wp-content\/uploads\/2019\/09\/meie-2019-768x576.jpg 768w, https:\/\/lootusekula.ee\/wp-content\/uploads\/2019\/09\/meie-2019.jpg 2048w\" sizes=\"auto, (max-width: 512px) 100vw, 512px\" \/><\/figure><\/div>\n\n\n\n<p><\/p>\n\n\n\n<p>Oluline on, et programmis osalejad \u00f5pivad&nbsp;<strong>vastutust v\u00f5tma oma tegude eest<\/strong>&nbsp;ning vajadusel korraldavad ka suhted riiklike instantsidega.<br>Me ei suuda muuta k\u00fcll minevikku, kuid saame v\u00f5imaldada tervenemist ning seel\u00e4bi programmis osalejatele edasist normaalset elu \u00fchiskonnas.<br>Alkoholi ravi l\u00e4binutest on t\u00e4naseni kaineks j\u00e4\u00e4nud 67%. Loe&nbsp;<a rel=\"noreferrer noopener\" href=\"https:\/\/lootusekula.ee\/ru\/%d0%bf%d1%80%d0%be%d0%b3%d1%80%d0%b0%d0%bc%d0%bc%d0%b0\/statistika\/\" target=\"_blank\">statistikast<\/a>&nbsp;l\u00e4hemalt.<\/p>\n\n\n\n<p>Oma kogemuste p\u00f5hjal oleme tulnud j\u00e4reldusele, et <strong>ALKOHOLI S\u00d5LTUVUSEST SAAB VABANEDA AINULT SELLEKOHASE KINDLA ISIKLIKU SOOVI OLEMASOLUL JA JUMALAGA ISIKLIKU SUHTE LOOMISE L\u00c4BI<\/strong>. Meie saame vaid kaasa aidata ja ergutada muutustele inimese elus, kuid peamise t\u00f6\u00f6 peab ikka ise \u00e4ra tegema ja neid muutusi soovima.<\/p>\n\n\n\n<p>Lootuse K\u00fcla alkoholi ravi programm on kristlik programm, mis p\u00f5hineb Piibellikel alustel.<\/p>\n\n\n\n<p> Loe<a rel=\"noreferrer noopener\" href=\"https:\/\/lootusekula.ee\/ru\/o-nas\/\" target=\"_blank\">&nbsp;Lootuse K\u00fclast<\/a>,&nbsp;<a rel=\"noreferrer noopener\" href=\"https:\/\/lootusekula.ee\/ru\/%d0%bf%d0%b5%d1%80%d1%81%d0%be%d0%bd%d0%b0%d0%bb\/\" target=\"_blank\">personalist<\/a>&nbsp;l\u00e4hemalt.<\/p>\n\n\n\n<div class=\"wp-block-button nupp\"><a class=\"wp-block-button__link has-text-color has-brand-third-color has-background has-brand-primary-background-color\" href=\"https:\/\/lootusekula.ee\/programm-2\/programmi-viis-osa\/\">Loe programmist l\u00e4hemalt<\/a><\/div>\n\n\n\n<h2 class=\"wp-block-heading\">Lootuse K\u00fcla alkoholi v\u00f5\u00f5rutus rehabilitatsiooniprogrammi v\u00f5ib tinglikult jagada <a href=\"https:\/\/lootusekula.ee\/programm-2\/programmi-viis-osa\/\"><strong>neljaks osaks<\/strong><\/a>:<\/h2>\n\n\n\n<p>Programmi sisenemise alko v\u00f5\u00f5rutus faas kestab umbes neli n\u00e4dalat ja see on sissejuhatuseks programmiga liitunule. Sel ajal s\u00f5ltlane kaineneb (kui on eelnenud pikaajaline tarbimine), hakkab m\u00e4rkama elu ja selle korraldust enda \u00fcmber ning harjuma Lootuse K\u00fcla elur\u00fctmiga.<\/p>\n\n\n\n<p>Kohe, kui uus inimene liitub programmiga hakkab ta t\u00e4ie\u00f5iguslikult kaasa tegema k\u00f5iges meie p\u00e4evakavas sisalduvas. \u00d5ppet\u00f6\u00f6, t\u00f6\u00f6praktika, kohustused, enda eest hoolitsemine \u2013 siin ei ole j\u00e4relandmisi.<\/p>\n\n\n\n<p>Aastatepikkune kogemus n\u00e4itab, et pea 50% alko v\u00f5\u00f5rutusravi programmiga liitunud meestest ja naistest lahkub esimesel kuul, sest neil on raske harjuda re\u017eiimiga ning t\u00f6\u00f6tada, \u00f5ppida ja t\u00e4ita kohustusi. Sellep\u00e4rast programmiga liitunud saavad enam personaalset \u00f5pet ja l\u00e4henemist, kus t\u00f6\u00f6tajad aitavad neil iseendid m\u00f5ista ning oma sisemised v\u00f5itlused v\u00f5ita. Samuti on kohe esimesel n\u00e4dalal igale uuele osalejale m\u00e4\u00e4ratud n.\u00f6. vanem vend v\u00f5i \u00f5de juba kauem programmis olnute hulgast. Vanem vend ja \u00f5de aitab uustulnukal m\u00f5ista igap\u00e4evaelu reegleid ning juhatada uut abivajajat \u00f5igete valikute tegemisel.<\/p>\n\n\n\n<figure class=\"wp-block-image size-large\"><img loading=\"lazy\" decoding=\"async\" width=\"1024\" height=\"299\" src=\"https:\/\/lootusekula.ee\/wp-content\/uploads\/2020\/01\/Tunnis2019august-1024x299.jpg\" alt=\"alkoholi v\u00f5\u00f5rutus\" class=\"wp-image-2003\" srcset=\"https:\/\/lootusekula.ee\/wp-content\/uploads\/2020\/01\/Tunnis2019august-1024x299.jpg 1024w, https:\/\/lootusekula.ee\/wp-content\/uploads\/2020\/01\/Tunnis2019august-300x88.jpg 300w, https:\/\/lootusekula.ee\/wp-content\/uploads\/2020\/01\/Tunnis2019august-768x225.jpg 768w, https:\/\/lootusekula.ee\/wp-content\/uploads\/2020\/01\/Tunnis2019august-1536x449.jpg 1536w, https:\/\/lootusekula.ee\/wp-content\/uploads\/2020\/01\/Tunnis2019august-scaled.jpg 2048w\" sizes=\"auto, (max-width: 1024px) 100vw, 1024px\" \/><\/figure>\n\n\n\n<h2 class=\"wp-block-heading\"> Meie alkoholi ravi meedias<\/h2>\n\n\n\n<p>L\u00e4bi aastate on mitmedki meediav\u00e4ljaanded kajastanud meie  tegemisi. Oleme t\u00e4nulikud iga loo eest, sest just nii j\u00f5uab info paremini abivajajateni. Tihti k\u00fcsides alko ravi  programmi tulijatelt, kust saite infot Lootuse K\u00fcla kohta, on vastuseks: lugesin seda artiklit v\u00f5i kuulsin-vaatasin telekast-raadiost.<\/p>\n\n\n\n<ul class=\"wp-block-list\"><li>Eesti Ekspress, 06.11.2019 \u2013&nbsp;<a rel=\"noreferrer noopener\" href=\"https:\/\/ekspress.delfi.ee\/elu\/onnelik-pereema-elu-oli-nii-hea-et-join-ennast-rentslisse?id=87961641\" target=\"_blank\">\u00d5nnelik pereema: elu oli nii hea, et j\u00f5in ennast rentslisse<\/a><\/li><li>Eesti Kirik 22.02.2019 \u2013&nbsp;<a rel=\"noreferrer noopener\" href=\"http:\/\/www.eestikirik.ee\/mtu-lootuse-kula-sai-vabauhenduste-tunnustuse\/\" target=\"_blank\">MT\u00dc Lootuse K\u00fcla sai vaba\u00fchenduste tunnustuse<\/a><\/li><li>TV3 Inglite aeg, 19.02.2019 \u2013&nbsp;<a rel=\"noreferrer noopener\" href=\"https:\/\/naistekas.delfi.ee\/puhad\/ingliteaeg\/tv3-video-roomusonum-inglite-aeg-aitas-tulekahjus-maja-kaotanud-pere-tagasi-koju?id=85374183\" target=\"_blank\">R\u00f5\u00f5mus\u00f5num! \u201cInglite aeg\u201d aitas tulekahjus maja kaotanud pere tagasi koju!<\/a><\/li><li>Harju elu, 01.02.2019 \u2013&nbsp;<a rel=\"noreferrer noopener\" href=\"https:\/\/www.harjuelu.ee\/lootuse-kula-naistemaja-kerkib-taas\/\" target=\"_blank\">Lootuse k\u00fcla naistemaja ehitatakse taas \u00fcles<\/a><\/li><\/ul>\n\n\n    <div  class=\"suurtekst \">\n        <div class=\"inner\">\n\t\t\t\n\t\t\t\n\t\t\t                <h2 class=\"module-heading text-center\">Alkoholi s\u00f5ltuvusest saab vabaneda!<\/h2>\n\t\t\t\t\t\t                <div class=\"text-center desc\">Alkoholi s\u00f5ltuvusest saab vabaneda ainult sellekohase kindla isikliku soovi olemasolul ja Jumalaga isikliku suhte loomise l\u00e4bi.<\/div>\n\t\t\t        <\/div>\n    <\/div>\n\n\n\n\n\n\n\n    <div  class=\"tunnistused full-width\">\n        <div class=\"heading-cont\">\n\t\t\t\n\t\t\t\n                        <h2 class=\"module-heading\">Vaata tunnistusi<\/h2>\n\t\t\t\t                        <div class=\"text-center desc\">Tutvu meie k\u00fclast l\u00e4bi k\u00e4inud ja alkoravi saanud meestega<\/div>\n\t                <\/div>\n\n        <div class=\"row\">\n\t\t\t\n                        <div class=\"col-md-6 item\">\n\t\t\t\t\t\t\t\n\n                            <a href=\"https:\/\/lootusekula.ee\/ru\/tunnistused\/juhani\/\" class=\"img no-decor\"\n                               style=\"background-image:url(https:\/\/lootusekula.ee\/wp-content\/uploads\/2019\/09\/juhani-.jpg);\">\n\t\t\t\t\t\t\t\t\n                                <div class=\"inner no-decor\">\n\n                                    <div class=\"quota\">\n\t\t\t\t\t\t\t\t\t\t<p>Juhani<\/p>\n                                    <\/div>\n\n                                    <div class=\"button\" href=\"https:\/\/lootusekula.ee\/ru\/tunnistused\/juhani\/\"><\/div>\n                                    <h4>\n                                        <div>\n\t\t\t\t\t\t\t\t\t\t\t\u042e\u0445\u0430\u043d\u0438                                        <\/div>\n                                    <\/h4>\n\n\n                                <\/div>\n                            <\/a>\n                        <\/div>\n\n\t\t\t\t\t\n                        <div class=\"col-md-6 item\">\n\t\t\t\t\t\t\t\n\n                            <a href=\"https:\/\/lootusekula.ee\/ru\/tunnistused\/aleksei\/\" class=\"img no-decor\"\n                               style=\"background-image:url(https:\/\/lootusekula.ee\/wp-content\/uploads\/2019\/09\/Aleksei-.jpg);\">\n\t\t\t\t\t\t\t\t\n                                <div class=\"inner no-decor\">\n\n                                    <div class=\"quota\">\n\t\t\t\t\t\t\t\t\t\t<p>Aleksei<\/p>\n                                    <\/div>\n\n                                    <div class=\"button\" href=\"https:\/\/lootusekula.ee\/ru\/tunnistused\/aleksei\/\"><\/div>\n                                    <h4>\n                                        <div>\n\t\t\t\t\t\t\t\t\t\t\t\u0410\u043b\u0435\u043a\u0441\u0435\u0439                                        <\/div>\n                                    <\/h4>\n\n\n                                <\/div>\n                            <\/a>\n                        <\/div>\n\n\t\t\t\t\t\n\n        <\/div>\n        <div class=\"full-width text-center\" style=\"margin-top: 3rem;\">\n\t\t\t            <a href=\" \" class=\"btn btn-primary button\">\n\n\t\t\t\tMore testamonies            <\/a>\n        <\/div>\n\n    <\/div>\n\n\n\n\n\n\n\n\n<div class=\"widget_text smaily--cont\"><div class=\"textwidget custom-html-widget\"><div class=\"left-side\">\r\n    <div class=\"rus-block\">\r\n        <h3>\u0416\u0435\u043b\u0430\u0435\u0442\u0435 \u0443\u0441\u043b\u044b\u0448\u0430\u0442\u044c \u043f\u043e\u0440\u0430\u0437\u0438\u0442\u0435\u043b\u044c\u043d\u044b\u0435 \u0441\u0432\u0438\u0434\u0435\u0442\u0435\u043b\u044c\u0441\u0442\u0432\u0430 \u0438\u0437 \u041f\u043e\u0441\u0451\u043b\u043a\u0430 \u043d\u0430\u0434\u0435\u0436\u0434\u044b?<\/h3>\r\n        <p> \u041f\u0440\u0438\u0441\u043e\u0435\u0434\u0438\u043d\u0438\u0442\u0435\u0441\u044c \u043a \u043d\u0430\u0448\u0438\u043c \u043d\u043e\u0432\u043e\u0441\u0442\u043d\u044b\u043c \u043f\u0438\u0441\u044c\u043c\u0430\u043c, \u0447\u0442\u043e\u0431\u044b \u0441\u043b\u044b\u0448\u0430\u0442\u044c \u043f\u043e\u0440\u0430\u0437\u0438\u0442\u0435\u043b\u044c\u043d\u044b\u0435 \u0438\u0441\u0442\u043e\u0440\u0438\u0438.<\/p>\r\n    <\/div>\r\n\r\n<\/div>\r\n<form id=\"smly\"  action=\"https:\/\/elegantweb.eu\/lootusekyla\/wp-admin\/admin-post.php\" method=\"post\">\r\n    <p class=\"error\" style=\"padding:15px;background-color:#f2dede;margin:0 0 10px;display:none\"><\/p>\r\n    <p class=\"success\" style=\"padding:15px;background-color:#dff0d8;margin:0 0 10px;display:none\">Thank You for subscribing!.<\/p>\r\n    <input type=\"hidden\" name=\"lang\" value=\"et\" \/>\r\n    <input type=\"hidden\" name=\"action\" value=\"smly\" \/>\r\n    <input type=\"hidden\" id=\"nonce\" name=\"nonce\" value=\"67a4329faf\" \/>\t<p><input type=\"text\" name=\"email\" value=\"\" placeholder=\"\u0412\u0430\u0448 \u044d\u043b. \u0430\u0434\u0440\u0435\u0441\" required\/><\/p>\r\n    <p><button class=\"btn\" type=\"submit\"> \u041f\u0440\u0438\u0441\u043e\u0435\u0434\u0438\u043d\u0438\u0441\u044c <\/button><\/p>\r\n<\/form><\/div><\/div>\n\n","protected":false},"excerpt":{"rendered":"<p>Lootuse K\u00fcla programmi eesm\u00e4rgiks on alkoholi ravi ehk alkoholi v\u00f5\u00f5rutus, rehabiliteerimine ja abistamine tava\u00fchiskonda naasmisel.&nbsp;Rehabilitatsiooniprogramm ei ole kinnipidamisasutus, siia tulevad inimesed oma vaba tahte alusel enda elu muutma. Oluline on, et programmis osalejad \u00f5pivad&nbsp;vastutust v\u00f5tma oma tegude eest&nbsp;ning vajadusel korraldavad ka suhted riiklike instantsidega.Me ei suuda muuta k\u00fcll minevikku, kuid saame v\u00f5imaldada tervenemist ning seel\u00e4bi [&hellip;]<\/p>\n","protected":false},"author":1,"featured_media":0,"parent":0,"menu_order":0,"comment_status":"closed","ping_status":"closed","template":"","meta":{"_acf_changed":false,"inline_featured_image":false,"footnotes":""},"class_list":["post-3203","page","type-page","status-publish","hentry"],"acf":[],"_links":{"self":[{"href":"https:\/\/lootusekula.ee\/ru\/wp-json\/wp\/v2\/pages\/3203","targetHints":{"allow":["GET"]}}],"collection":[{"href":"https:\/\/lootusekula.ee\/ru\/wp-json\/wp\/v2\/pages"}],"about":[{"href":"https:\/\/lootusekula.ee\/ru\/wp-json\/wp\/v2\/types\/page"}],"author":[{"embeddable":true,"href":"https:\/\/lootusekula.ee\/ru\/wp-json\/wp\/v2\/users\/1"}],"replies":[{"embeddable":true,"href":"https:\/\/lootusekula.ee\/ru\/wp-json\/wp\/v2\/comments?post=3203"}],"version-history":[{"count":1,"href":"https:\/\/lootusekula.ee\/ru\/wp-json\/wp\/v2\/pages\/3203\/revisions"}],"predecessor-version":[{"id":3204,"href":"https:\/\/lootusekula.ee\/ru\/wp-json\/wp\/v2\/pages\/3203\/revisions\/3204"}],"wp:attachment":[{"href":"https:\/\/lootusekula.ee\/ru\/wp-json\/wp\/v2\/media?parent=3203"}],"curies":[{"name":"wp","href":"https:\/\/api.w.org\/{rel}","templated":true}]}}